{"id":97,"date":"2024-09-26T17:31:16","date_gmt":"2024-09-26T17:31:16","guid":{"rendered":"https:\/\/historiskforeninghbh.dk\/?page_id=97"},"modified":"2025-04-26T16:53:02","modified_gmt":"2025-04-26T16:53:02","slug":"branden-i-biltris","status":"publish","type":"page","link":"https:\/\/historiskforeninghbh.dk\/index.php\/branden-i-biltris\/","title":{"rendered":"Branden i Biltris"},"content":{"rendered":"\n<p class=\"has-medium-font-size\"><strong>Den gr\u00e5dige fjende: BRANDEN I BILTRIS den 31.1.1905<\/strong><\/p>\n\n\n\n<p><strong>Roskilde Dagblad skrev den 1.2.1905<\/strong><br>&#8220;Ved Bladets Slutning [31. januar] telefoneres til os fra Kr. Hyllinge, at der ved Femtiden er opstaaet Ild i Hmd. Hans Pedersens Hus i Biltris, der er beliggende i Byens vestlige Side. Huset br\u00e6nder, og Byen er i den st\u00e6rke Nordveststorm alvorlig truet.<br>Branden kunde Kl. 6 ses her fra Roskilde, men Kl. 6\u00bd var der intet at se, saa det t\u00f8r vel haabes, at det er lykkedes at begr\u00e6nse Ilden.<br>Kl. 7 telefoneres: Der [er] br\u00e6ndt 7 Huse. Ingen Gaarde. Man haaber at have begr\u00e6nset Ilden.&#8221; kan man l\u00e6se i en artikel under rubrikken &#8220;Fra Omegne og Nabolav&#8221;, Roskilde Dagblad, den 1.2.1905.<\/p>\n\n\n\n<p class=\"has-medium-font-size\"><strong>Branden i Biltris den 31.1.1905<\/strong><br><strong>Brandens forl\u00f8b gennem 4-5 timer<\/strong><br>Den 2. februar 1905 kunne man l\u00e6se en beskrivelse af brandens udvikling i endnu en artikel i Roskilde Dagblad: &#8220;Man blev ved efterretningen igaar\u00a0&#8220;Det br\u00e6nder i Biltris&#8221;\u00a0i h\u00f8j Grad uhyggelig tilmode. Brand i en sammenbygget Landsby med sine straat\u00e6kkede Bygninger har altid noget skr\u00e6kslagent ved sig, men hvad vilde en Ildl\u00f8s ikke sige i en Brandstorm, som det var netop paa det Tidspunkt, da der telefoneredes til os om Brandens Udbrud.&#8221;<br><strong>Ilden &#8211; den gr\u00e5dige fjende<\/strong><br>&#8220;Man kan ogsaa lettere t\u00e6nke end beskrive den R\u00e6dsel, som greb Beboerne i Biltris, da Ilden ved Halv-femtiden om Eftermiddagen udbr\u00f8d i Hans Pedersens Hus, der ligger midt i Byen i dennes vestlige Del. Det bl\u00e6ste en Storm af Vest-Nordvest, som ikke gav Julestormen forrige Aar stort efter, og Vinden bar ind over Byen, hvor 5 Gaarde og en stor Del Huse ligger samlede. Hvad skulde dette blive til? Da Ilden f\u00f8rst havde faaet fat, saa man Ildtungerne slikke fra Hjem til Hjem, indtil 7 Huse stod i Brand paa begge Sider af Bygaden. <br><strong>Brandslukningsarbejdet<\/strong><br>&#8220;Op til Hans Pedersens Hus laa Chr.-Ludvig Christensens Gaard, som i sin uhyggelige N\u00e6rhed til Brandstedet var st\u00e6rkt truet. Kunde den ikke reddes, var der stor Fare for tre andre Gaarde i sydlig Retning, som laa i Flugt med den. Takket v\u00e6re den store energi, der fra Folkenes Side blev udviklet ved at d\u00e6nge Vand, vaade Lagner og Kl\u00e6der op paa Taget paa de mest udsatte Steder, en Ih\u00e6rdighed, der dog n\u00e6ppe havde forslaaet, om ikke S\u00e6by Spr\u00f8jte var arriveret saa hurtigt, som den kom, lykkedes det endelig at redde Gaarden. S\u00e6by Spr\u00f8jte var den f\u00f8rste paa Brandstedet, og saa snart man indsaa Faren, lagdes med stor Kraft alt Arbejdet ind paa at redde denne Gaard. Ofte saa det helt fortvivlet og haabl\u00f8st ud, men Folk var energiske, og omsider kronedes deres store Anstrengelser med Held, og Gaarden var felst.<br>Imedens fortsatte den graadige Fjende sin skaanselsl\u00f8se Fremgang fra Hjem til Hjem, indtil 7 Huse var lagt i Aske. Der var endda sikkert gaaet flere i L\u00f8bet, om ikke Hyllinge Spr\u00f8jte, der kom til Brandstedet n\u00e6st efter S\u00e6by, havde sat al Kraft ind paa at redde T\u00f8mrer Peder Larsens Hus, der laa n\u00e6st efter de Huse, der var omsp\u00e6ndt af Flammerne.<br>Nu gjaldt det om at s\u00e6tte al Kraft ind paa at redde T\u00f8mrer Peder Larsens Hjem, som Ilden og Vinden bar paa. Og der blev sat Kraft ind derpaa. Behj\u00e6rtede M\u00e6nd entrede Husets Tag. og dels ved Hj\u00e6lp af vaade Kl\u00e6der og dels ved heroppe fra at dirigere en Slange fra Hyllinge Spr\u00f8jte, sendte man Vandstraaler hid og did paa de mest udsatte Steder. Omsider kronedes Arbejdet med Held &#8211; og man var tildels Herre over Ilden, efter at denne havde raset med stor Voldsomhed i 4-5 Timer.&#8221;<br><strong>Syg og sengeliggende<\/strong><br>&#8220;T\u00f8mrer Peder Larsen var syg og sengeliggende, men maatte op af sin Seng. Omtrent Kl. 9\u00bd om Aftenen kunde han atter med nogenlunde Tryghed s\u00f8ge sit haardt tiltr\u00e6ngte Leje. Det har sikkert v\u00e6ret i glad Taknemlighed, han har lagt sig til Ro efter den Forskr\u00e6kkelse. Han ejer et smukt, stort Husmandshjem med 3 nyopf\u00f8rte L\u00e6nger.<br>Foruden de to n\u00e6vnte var der m\u00f8dt Spr\u00f8jter fra Rye, Lyndby, Egholm, Ferslev og Skibby, ialt 7, som alle havde fuldt op at g\u00f8re.&#8221;<br><strong>De ramte<\/strong><br>&#8220;Foruden Hans Pedersens Hus br\u00e6ndte Lars Larsens, J\u00f8rgen J\u00f8rgensens, Peder M\u00f8llers, Peder Pedersens (yngre), Peder Pedersens (\u00e6ldre) og afd\u00f8de Chr. Pedersens, der nu ejes af Hmd. Ludvig S\u00f8rensen, Gersh\u00f8j Mark. Her boede M\u00f8llersvend Fr. Larsen med Familie og Arbejdsmand Chr. Andersen.<br>Hos Peder Pedersen, den yngre, boede Kbmd. Obel tilleje.<br>Der br\u00e6ndte saaledes ialt 7 Huse, og 9 Familier blev Husvilde.<br>De fem f\u00f8rstn\u00e6vnte havde alle Jord til deres Huse og Bes\u00e6tningerne ved Hjemmet, men trods den rivende Hast, hvormed Ilden bredte sig, lykkedes det at redde alt Levende paa nogle H\u00f8ns n\u00e6r, hvorimod saa godt som alt Indboet blev et Rov for Luerne. Hos Hans Pedersen, hvor Ilden f\u00f8rst opkom, fik man baade Heste og K\u00f8er ud i god Behold og redede endda ogsaa Vognene.&#8221;<br><strong>Efter branden<\/strong><br>&#8220;De Husvilde Familier med deres mange Smaab\u00f8rn maatte s\u00f8ge Ly, hvor det kunde tr\u00e6ffe sig. En Del indlogeredes for Natten i Skolen og hos andre af Beboerne, og enkelte Familier, som havde Sl\u00e6gt i de n\u00e6rmeste Byer, i S\u00e6by og Krabbesholms Huse og flere Steder, tyede selvf\u00f8lgelig dertil.<br>Hos Peder Pedersen var Konen syg og sengeliggende og maate b\u00e6res ud.<br>Med Hensyn til Brandassurancen, da havde de fleste, saa vidt os meddelt, assureret deres Ejendom i den alm. Brandforsikring for Landbygninger.&#8221;<br><strong>Brandens \u00c5rsag<\/strong><br>&#8220;Endnu skal kun tilf\u00f8jes, at denne forskr\u00e6kkelige Brand, der kunde [v\u00e6re] blevet endnu mere omfattende og v\u00e6rre, var opkommet ved en Skorstensild. Der var nemlig gaaet Ild i Husejer Hans Pedersens Skorsten, og derfra den hele Ulykke, der blev saa sk\u00e6bnesvanger for Byen.&#8221; Kilde: Roskilde Dagblad, den 2.2.1905<br><strong>\u00d8jenvidneskildring<\/strong><br>En anden artikel i Roskilde Dagblad s.d. fort\u00e6ller, at k\u00f8bmand Obel i Biltris kl. 4\u00bd om eftermiddagen kontaktede husmand Hans Petersens hus og fortalte, at der var ild i deres skorsten. Konen og b\u00f8rnene var alene hjemme &#8211; heriblandt et 11 dage gammelt barn. &#8220;Et \u00d8jeblik efter slog Flammerne op af Skorstenen og ant\u00e6ndte Taget. De kom i Hast ud, og Stedet nedbr\u00e6ndte til Grunden, uden at der blev reddet det mindste. Det m\u00e6rkelige var, at Ilden ikke fulgte Hus efter Hus, saaledes at de n\u00e6rmeste Huse ved Ildens Arnested f\u00f8rst ant\u00e6ndtes; men den sprang straks flere Huse over og ant\u00e6ndte et Hus \u00f8st for Landevejen gennem Biltris. De mellemliggende Huse ant\u00e6ndtes senere, og ved 5\u00bd Tiden var det midterste Parti i Biltris By \u00e9t stort Flammehav. For Hmd. Lars Larsens Enke br\u00e6ndte Stuehuset, for Hmd. Christian Ludvigen Udhuset &#8211; &#8211; at sidstn\u00e6vnte Mand fik reddet sit Stuehus, skyldtes alene han egen Energi; han fik ved et Par andre M\u00e6nds Hj\u00e6lp fat i den i Biltris v\u00e6rende Haandspr\u00f8jte, og med denne d\u00e6ngede han Taget over og frelste sit Hus, uagtet at det br\u00e6ndte kun faa Alen derfra. Huset laa med Gavlen mod Vest, hvilket jo ogsaa havde sin Betydning for Redningen.&#8221;<br><strong>Nabohj\u00e6lp<\/strong><br>&#8220;At Hmd. Peter Larsens nyopf\u00f8rte Ejendom reddedes, skyldes i f\u00f8rste R\u00e6kke M\u00f8llersvend Frederik Larsen, Biltris, der selv havde mistet al sin Ejendom ved Branden. N\u00e6vnte M\u00f8llersv. Frederik Larsen laa i over 1\u00bd Time med et Straaler\u00f8r oppe paa taget af den truede l\u00e6nge hos Peter Larsen og d\u00e6ngede Vand over Taget, saa han selv var vaad til skindet.&#8221;<br><strong>K\u00f8bmandens varelager<\/strong><br>&#8220;I den nordre udkant af Byen saa det en lang Tid farligt ud, nemlig saal\u00e6nge det br\u00e6ndte i K\u00f8bmandens Varelager. Hmd. Niels Larsens Hus og Gdr. Jens Peter Jensens Gaard var i lang Tid st\u00e6rkt truet; men da Vinden holdt sig vesten og var saa st\u00e6rk, at Gnisterne f\u00f8rtes langt bort, trak Faren for disse Bygninger over. Imidlertid blev der saa st\u00e6rk Fare for Gdr. Lars Peter Kristiansens Gaard. Ferslev Spr\u00f8jte k\u00f8rte op til Gaarden, og man fik d\u00e6nget Taget saaledes over med Vand, at Gaarden reddedes, uagtet Ildgnisterne f\u00f8rtes der op imod, og Varmen til Tider var ret f\u00f8lelig.<br>Inde i Byen ligger et hus, tilh\u00f8rende Ane Johansen; dette reddedes, uagtet en h\u00f8stak br\u00e6ndte t\u00e6t ved Gaarden. Dette Hus&#8217; redning fik sin store betydning, da ellers en hel Del mere, derimellem et Par Gaarde, vilde v\u00e6re gaaet i L\u00f8bet.<br>Der var m\u00f8dt spr\u00f8jter fra de omliggende Byer, og der arbejdes ivrigt af det store Mandskab; en generende Vandmangel gjorde til Tider Redningsarbejdet besv\u00e6rligt, tillige med den Standsning af F\u00e6rdslen paa Landevejen, som Ilden foraarsagede; Vandvognene maatte k\u00f8re uden om byen, da det var umuligt at komme igennem. I denne Forbindelse kan anf\u00f8res, at Dagvognen fra Skibby maatte k\u00f8re gennem Krabbesholm til S\u00e6by.<br>Kreaturerne blev drevne ud Nord for Byen og kom i l\u00f8bet af Natten, da Ildens Begr\u00e6nsning var sikret, i Hus. For de Brandlidte s\u00f8rgedes der paa alle Maader af Beboerne i Byen, ligesom der ogsaa i Aftenens L\u00f8b indl\u00f8b Tilbud fra Forpagter \u00d8strup, Krabbesholm, om Husly.&#8221;<br><strong>F\u00f8lelige Tab<\/strong><br>&#8220;Den anrettede Skade er temmelig betydelig; alle havde assureret, men da flere har assureret meget lavt, lider de jo f\u00f8lelige Tab. K\u00f8bmand Obel havde et Par Timer f\u00f8r Branden faaet Varer hjem for en 600 Kr., som derved omtrent er gaaet tabt. Grundet paa den rivende Hast, hvormed Ilden bredte sig, blev der n\u00e6sten ikke Tid til at faa reddet noget: dertil kom, at man i Begyndelsen, da det kunne se ud til, at hele Byen vilde gaa, ikke vidste, hvor man skulde anbringe sine Sager. Skolestuen i Biltris er idag, Onsdag, fyldt med reddede Sager.<br>Som omtalt opstod Ilden ved Skorstensild. Hans Petersens Kone, som vi talte med idag, er meget fortvivlet; men efter de hidtil fremkomne Oplysninger er hun jo ikke til at bebrejde noget.<br>Skaden ved Branden i Biltris anslaas til 25,000 Kr. L\u00f8s\u00f8ret var forsikret dels i Holb\u00e6k og dels i Roskilde Amts Brandforsikring, Bygningerne i Landbygningernes almindelige Brandforsikring og \u00d8stifternes Brandforsikring.<br>I Eftermiddag afholdt Herredsfoged Kampmann Brandforh\u00f8r paa Brandstedet. Det konstateredes, at Ilden var opstaaet som Skorstensild, men hvorvidt den f\u00f8rst er opstaaet udenfor eller inde i Huset, lykkedes det ikke at faa oplyst. Forh\u00f8rene forts\u00e6ttes i Roskilde paa L\u00f8rdag.&#8221;<br>Kilde: Roskilde Dagblad 2.2.1905.<br><strong>B\u00f8der<\/strong><br>Nogle m\u00e6nd, der ikke var m\u00f8dt til ildebranden i Biltris, blev hver id\u00f8mt 2 kr. i b\u00f8de til politikassen. Anden uforsigtig omgang med ild blev p\u00e5 samme tid takseret til 10 kr i b\u00f8de (for overtr\u00e6delse af brandpolitiloven ved f.eks. af have h\u00e6ngt t\u00f8j og papir for t\u00e6t ved kakkelovnen), eller det kunne koste 15 kr. i b\u00f8de for uforsigtig omgang med ild ved at have h\u00e6ngt en k\u00f8kkenlampe s\u00e5 n\u00e6r br\u00e6ddeloftet i en hestestald, at varmen ant\u00e6ndte loftsbr\u00e6dderne.<br>Kilde: Roskilde Dagblad 15.3.1905.<\/p>\n\n\n<div class=\"wp-block-image\">\n<figure class=\"aligncenter size-large\"><img decoding=\"async\" src=\"http:\/\/historiskforeninghbh.dk\/wp-content\/uploads\/2024\/09\/biltris_1905-3_8cm.jpg\" alt=\"\"\/><figcaption class=\"wp-element-caption\">Foto af Biltris fra Bramsn\u00e6s Museum<\/figcaption><\/figure>\n<\/div>\n\n\n<p><strong>Naar Hus og Indbo er br\u00e6ndt<\/strong><br>Roskilde Dagblad, den 14.3.1905 bragte husmand Hans Pedersens varme tak for hj\u00e6lpen:<br>&#8220;<em>Paa egne og Families vegne vilde jeg g\u00e6rne bringe en hj\u00e6rtelig tak til alle dem, der ved den store Brand i Biltris ydede mig og mine saa stor og v\u00e6rdifuld Hj\u00e6lp. Hver enkelt kan jeg ikke takke, men f\u00f8rst og fremmest vil jeg bringe min bedste Tak til Gaardejer Chr. Christensen i Biltris, som var den f\u00f8rste, der kom mig og mine B\u00f8rn til Hj\u00e6lp med Mad og Husly. Dern\u00e6st en Tak til Forpagter B\u00fclow, som ogsaa af sig selv tilb\u00f8d mig Hj\u00e6lp, og i \u00f8vrigt en Tak til S\u00e6by Sogns Beboere og til Hyllinge Kommune.\u00a0\u00a0\u00a0\u00a0<\/em><br><em>Kun den, der har oplevet en s\u00e5dan Katastrofe som Branden i Biltris, ved, hvor daarligt man er stillet, naar Hus og Indbo er br\u00e6ndt. Og naar dertil kommer, at man, som jeg, sidder med en stor Familie, er det f\u00f8rst ret, man forstaar at vurdere den Hj\u00e6lp, der ydes af opofrende Mennesker.<\/em><br><em>Derfor min hjerteligste Tak til Alle.<br>Husmand Hans Pedersen, Kr. Hyllinge&#8221;.\u00a0<\/em><\/p>\n\n\n\n<p><\/p>\n","protected":false},"excerpt":{"rendered":"<p>Den gr\u00e5dige fjende: BRANDEN I BILTRIS den 31.1.1905 Roskilde Dagblad skrev den 1.2.1905&#8220;Ved Bladets Slutning [31. januar] telefoneres til os fra Kr. Hyllinge, at der&hellip;<\/p>\n","protected":false},"author":1,"featured_media":0,"parent":0,"menu_order":0,"comment_status":"closed","ping_status":"closed","template":"","meta":{"footnotes":""},"class_list":["post-97","page","type-page","status-publish","hentry"],"_links":{"self":[{"href":"https:\/\/historiskforeninghbh.dk\/index.php\/wp-json\/wp\/v2\/pages\/97","targetHints":{"allow":["GET"]}}],"collection":[{"href":"https:\/\/historiskforeninghbh.dk\/index.php\/wp-json\/wp\/v2\/pages"}],"about":[{"href":"https:\/\/historiskforeninghbh.dk\/index.php\/wp-json\/wp\/v2\/types\/page"}],"author":[{"embeddable":true,"href":"https:\/\/historiskforeninghbh.dk\/index.php\/wp-json\/wp\/v2\/users\/1"}],"replies":[{"embeddable":true,"href":"https:\/\/historiskforeninghbh.dk\/index.php\/wp-json\/wp\/v2\/comments?post=97"}],"version-history":[{"count":7,"href":"https:\/\/historiskforeninghbh.dk\/index.php\/wp-json\/wp\/v2\/pages\/97\/revisions"}],"predecessor-version":[{"id":687,"href":"https:\/\/historiskforeninghbh.dk\/index.php\/wp-json\/wp\/v2\/pages\/97\/revisions\/687"}],"wp:attachment":[{"href":"https:\/\/historiskforeninghbh.dk\/index.php\/wp-json\/wp\/v2\/media?parent=97"}],"curies":[{"name":"wp","href":"https:\/\/api.w.org\/{rel}","templated":true}]}}