{"id":8,"date":"2024-09-26T17:23:07","date_gmt":"2024-09-26T17:23:07","guid":{"rendered":"https:\/\/historiskforeninghbh.dk\/?page_id=8"},"modified":"2026-03-14T12:40:45","modified_gmt":"2026-03-14T12:40:45","slug":"home","status":"publish","type":"page","link":"https:\/\/historiskforeninghbh.dk\/","title":{"rendered":"Home"},"content":{"rendered":"<form role=\"search\" method=\"get\" action=\"https:\/\/historiskforeninghbh.dk\/\" class=\"wp-block-search__button-outside wp-block-search__text-button wp-block-search\"    ><label class=\"wp-block-search__label\" for=\"wp-block-search__input-1\" >S\u00f8g<\/label><div class=\"wp-block-search__inside-wrapper\" ><input class=\"wp-block-search__input\" id=\"wp-block-search__input-1\" placeholder=\"\" value=\"\" type=\"search\" name=\"s\" required \/><button aria-label=\"S\u00f8g\" class=\"wp-block-search__button wp-element-button\" type=\"submit\" >S\u00f8g<\/button><\/div><\/form>\n\n<div class=\"wp-block-image\">\n<figure class=\"aligncenter size-full is-resized\"><img loading=\"lazy\" decoding=\"async\" width=\"520\" height=\"490\" src=\"https:\/\/historiskforeninghbh.dk\/wp-content\/uploads\/2024\/09\/HBH_logo_FINAL_6cm.jpg\" alt=\"\" class=\"wp-image-349\" style=\"width:121px;height:auto\" srcset=\"https:\/\/historiskforeninghbh.dk\/wp-content\/uploads\/2024\/09\/HBH_logo_FINAL_6cm.jpg 520w, https:\/\/historiskforeninghbh.dk\/wp-content\/uploads\/2024\/09\/HBH_logo_FINAL_6cm-300x283.jpg 300w\" sizes=\"auto, (max-width: 520px) 100vw, 520px\" \/><\/figure>\n<\/div>\n\n\n<p class=\"has-text-align-center has-text-color has-link-color has-large-font-size wp-elements-38af3c00f1ab1f1166ef8c446096ca04\" style=\"color:#13567d\"><strong>Historisk Forening for Bramsn\u00e6s og Hvals\u00f8 (HBH)<\/strong>  <\/p>\n\n\n\n<figure class=\"wp-block-gallery has-nested-images columns-default is-cropped wp-block-gallery-2 is-layout-flex wp-block-gallery-is-layout-flex\">\n<figure class=\"wp-block-image size-large\"><img loading=\"lazy\" decoding=\"async\" width=\"1024\" height=\"416\" data-id=\"353\" src=\"https:\/\/historiskforeninghbh.dk\/wp-content\/uploads\/2024\/09\/Hvalnaes_forsidebill_2-1024x416.jpg\" alt=\"\" class=\"wp-image-353\" srcset=\"https:\/\/historiskforeninghbh.dk\/wp-content\/uploads\/2024\/09\/Hvalnaes_forsidebill_2-1024x416.jpg 1024w, https:\/\/historiskforeninghbh.dk\/wp-content\/uploads\/2024\/09\/Hvalnaes_forsidebill_2-300x122.jpg 300w, https:\/\/historiskforeninghbh.dk\/wp-content\/uploads\/2024\/09\/Hvalnaes_forsidebill_2-768x312.jpg 768w, https:\/\/historiskforeninghbh.dk\/wp-content\/uploads\/2024\/09\/Hvalnaes_forsidebill_2-1536x625.jpg 1536w, https:\/\/historiskforeninghbh.dk\/wp-content\/uploads\/2024\/09\/Hvalnaes_forsidebill_2.jpg 1603w\" sizes=\"auto, (max-width: 1024px) 100vw, 1024px\" \/><figcaption class=\"wp-element-caption\">Dejligheden, Isefjorden, luftfoto fra 1988, og Hvals\u00f8 fra luften 2014. Foto Ole Malling<\/figcaption><\/figure>\n<\/figure>\n\n\n\n<p><\/p>\n\n\n\n<p class=\"has-text-align-left has-medium-font-size\">I april 2024 blev Bramsn\u00e6s Lokalhistoriske Forening og Egnshistorisk Forening for Hvals\u00f8 fusioneret.<br>Den nye forening hedder <strong>Historisk Forening for Bramsn\u00e6s og Hvals\u00f8 (HBH)<\/strong>. <br><\/p>\n\n\n\n<p class=\"has-large-font-size\"><strong>Kommende arrangementer:<\/strong><\/p>\n\n\n\n<p class=\"has-medium-font-size\"><\/p>\n\n\n\n<p class=\"has-medium-font-size\"><em>Tirsdag den 14.<\/em> a<em>pril 2026 kl. 19:<\/em> <br><strong>Kirkeg\u00e5rdsvandring i Hvals\u00f8<\/strong><br>Kirkeg\u00e5rdsleder S\u00f8ren Christensen vil gerne fort\u00e6lle om specielle gravsteder og ogs\u00e5 om en ny skovkirkeg\u00e5rd, som blev indviet sidste \u00e5r \u00f8st for den nuv\u00e6rende kirkeg\u00e5rd, og tidligere menighedsr\u00e5dsmedlem Carsten Lester vil gerne fort\u00e6lle om selve kirken. Efter rundvisningen vil der v\u00e6re et let traktement i menighedshuset.<\/p>\n\n\n\n<p class=\"has-medium-font-size\"><em>L\u00f8rdag den 9. maj 2026 kl. 14:<\/em> <br><strong>Byvandring i Kirke Hvals\u00f8<\/strong><br>Vi tager p\u00e5 en rundtur i selskab med den frivillige arbejdsgruppe, der har udarbejdet en r\u00e6kke informationstavler, der er opsat rundt omkring i Hvals\u00f8, og som fort\u00e6ller om byens historie. Projektet hedder Hvalpestien. Rundturen tager nok en times tid, og vi slutter af med kaffe og kage. Vores oprindelige tanke med disse byvandringer var, at Bramsn\u00e6s \u2013 og Hvals\u00f8medlemmer fik mulighed for at l\u00e6re hinandens omr\u00e5der n\u00e6rmere at kende, men alle medlemmer er naturligvis velkomne.<\/p>\n\n\n\n<p class=\"has-medium-font-size\"><strong>\u00d8vrige f\u00e6llesforedrag i st\u00f8beskeen:<\/strong><br>Foredrag om Vikingetiden ved Jens Ulriksen, p\u00e5 Kirke Hyllinge Bibliotek, efter\u00e5r 2026<br>Foredrag om kirkeg\u00e5rdenes indretning i Hvals\u00f8 Kulturhus for\u00e5r 2027.<\/p>\n\n\n\n<p><\/p>\n","protected":false},"excerpt":{"rendered":"<p>Historisk Forening for Bramsn\u00e6s og Hvals\u00f8 (HBH) I april 2024 blev Bramsn\u00e6s Lokalhistoriske Forening og Egnshistorisk Forening for Hvals\u00f8 fusioneret.Den nye forening hedder Historisk Forening&hellip;<\/p>\n","protected":false},"author":1,"featured_media":0,"parent":0,"menu_order":0,"comment_status":"closed","ping_status":"closed","template":"","meta":{"footnotes":""},"class_list":["post-8","page","type-page","status-publish","hentry"],"_links":{"self":[{"href":"https:\/\/historiskforeninghbh.dk\/index.php\/wp-json\/wp\/v2\/pages\/8","targetHints":{"allow":["GET"]}}],"collection":[{"href":"https:\/\/historiskforeninghbh.dk\/index.php\/wp-json\/wp\/v2\/pages"}],"about":[{"href":"https:\/\/historiskforeninghbh.dk\/index.php\/wp-json\/wp\/v2\/types\/page"}],"author":[{"embeddable":true,"href":"https:\/\/historiskforeninghbh.dk\/index.php\/wp-json\/wp\/v2\/users\/1"}],"replies":[{"embeddable":true,"href":"https:\/\/historiskforeninghbh.dk\/index.php\/wp-json\/wp\/v2\/comments?post=8"}],"version-history":[{"count":47,"href":"https:\/\/historiskforeninghbh.dk\/index.php\/wp-json\/wp\/v2\/pages\/8\/revisions"}],"predecessor-version":[{"id":994,"href":"https:\/\/historiskforeninghbh.dk\/index.php\/wp-json\/wp\/v2\/pages\/8\/revisions\/994"}],"wp:attachment":[{"href":"https:\/\/historiskforeninghbh.dk\/index.php\/wp-json\/wp\/v2\/media?parent=8"}],"curies":[{"name":"wp","href":"https:\/\/api.w.org\/{rel}","templated":true}]}}