{"id":570,"date":"2024-10-24T09:07:16","date_gmt":"2024-10-24T09:07:16","guid":{"rendered":"https:\/\/historiskforeninghbh.dk\/?page_id=570"},"modified":"2026-01-21T17:36:47","modified_gmt":"2026-01-21T17:36:47","slug":"slotte-og-herregaarde","status":"publish","type":"page","link":"https:\/\/historiskforeninghbh.dk\/index.php\/slotte-og-herregaarde\/","title":{"rendered":"Slotte og herreg\u00e5rde"},"content":{"rendered":"\n<p class=\"has-medium-font-size\"><em>Siden er under udarbejdelse<\/em>!<\/p>\n\n\n\n<p><strong>Der findes flere herreg\u00e5rde i vores omr\u00e5de, is\u00e6r i Bramsn\u00e6s.<br>Her er en kort pr\u00e6sentation af dem.<\/strong><\/p>\n\n\n\n<p class=\"has-medium-font-size\"><strong>Aastrup Kloster ved Elverdams\u00e5en er ejet af Det grevelige Dannemandske Stift.<\/strong><\/p>\n\n\n\n<p class=\"has-text-align-left\">Klosterets hovedbygning best\u00e5r af tre fl\u00f8je. Den f\u00f8rste fl\u00f8j blev p\u00e5begyndt i 1588, og i 1613 stod et tofl\u00f8jet anl\u00e6g f\u00e6rdigt. En tredje fl\u00f8j blev tilf\u00f8jet i 1856. Klosteret har en interessant historie med mange skiftende ejerforhold og kan under navnet Aastrup Hovedg\u00e5rd f\u00f8lges helt tilbage til 1400-tallet. I perioden 1842-1888 boede Frederik VI\u2019s u\u00e6gte s\u00f8n, lensgreve Frederik Wilhelm Dannemand og hans tre hustruer p\u00e5 Aastrup. I hans testamente var bestemt, at der skulle oprettes et stift, og at det skulle fungere som jomfrukloster og bolig for ugifte kvinder af hans og hans hustruers eftersl\u00e6gt. Fra 1928-88 virkede Aastrup som det sidste jomfrukloster i Danmark. Der er offentlig adgang til dele af parken, og der kan arrangeres rundvisninger p\u00e5 selve klostret. Siden 1988 har Den Kongelige Livgardes Musikkorps i juni m\u00e5ned afholdt gratis friluftskoncert i klosterets g\u00e5rd.<\/p>\n\n\n\n<p class=\"has-text-align-right\">S\u00f8ren Bo Bojesen<br><\/p>\n\n\n<div class=\"wp-block-image\">\n<figure class=\"aligncenter size-full\"><img loading=\"lazy\" decoding=\"async\" width=\"700\" height=\"482\" src=\"https:\/\/historiskforeninghbh.dk\/wp-content\/uploads\/2024\/11\/Aastrup2_dronebillede_Ole_Malling_700.jpg\" alt=\"\" class=\"wp-image-594\" srcset=\"https:\/\/historiskforeninghbh.dk\/wp-content\/uploads\/2024\/11\/Aastrup2_dronebillede_Ole_Malling_700.jpg 700w, https:\/\/historiskforeninghbh.dk\/wp-content\/uploads\/2024\/11\/Aastrup2_dronebillede_Ole_Malling_700-300x207.jpg 300w\" sizes=\"auto, (max-width: 700px) 100vw, 700px\" \/><figcaption class=\"wp-element-caption\">Aastrup Kloster set fra vest. Dronebillede af Ole Malling<\/figcaption><\/figure>\n<\/div>\n\n\n<p><em>Hjemmeside:\u00a0<\/em><a href=\"https:\/\/aastrupkloster.dk\/\"><em>aastrupkloster.dk<\/em><\/a><\/p>\n\n\n\n<p class=\"has-medium-font-size\"><strong>Ryegaard<\/strong><\/p>\n\n\n\n<p>Ryegaard har en historie, der str\u00e6kker sig tilbage til f\u00f8r 1350. Oprindeligt l\u00e5 hovedbygningen vest for Rye Kirke, men efter en brand opf\u00f8rte Johanne Oxe (eft.1520-1589) i 1575 en ny hovedbygning best\u00e5ende af to l\u00e6nger og i to stokv\u00e6rk i bindingsv\u00e6rk i parken. \u00d8st for hovedbygningen opf\u00f8rtes avlsg\u00e5rden. I 1876 blev denne erstattet af en nygotisk hovedbygning tegnet af arkitekt F.V. Tvede (1826-1891). Denne bygning blev dog nedrevet i 1974, og i dag markerer egetr\u00e6er bygningens tidligere omrids. Avlsg\u00e5rden blev ogs\u00e5 i 1870\u00b4erne nyopf\u00f8rt p\u00e5 den anden side af landevjen, nu Munkholmvej.<br>Ryegaard har gennem tiden v\u00e6ret ejet af flere prominente familier, herunder Lunge-, Trolle- og Rosenkrantz-familierne. Siden 1824 har godset v\u00e6ret i familien Scheels besiddelse.<br>Under Anden Verdenskrig spillede Ryegaard en rolle i modstandsbev\u00e6gelsen, hvor godsejer Frederik Christian Rosenkrantz Scheel (1897-1979) deltog aktivt.<br>I dag fungerer Ryegaard som et moderne landbrugsgods med planteavl og skovbrug og tilbyder desuden udlejning af beboelseshuse og faciliteter til arrangementer.<\/p>\n\n\n\n<p class=\"has-text-align-right\">Flemming Damgaard Larsen<\/p>\n\n\n<div class=\"wp-block-image\">\n<figure class=\"aligncenter size-full\"><img loading=\"lazy\" decoding=\"async\" width=\"680\" height=\"461\" src=\"https:\/\/historiskforeninghbh.dk\/wp-content\/uploads\/2024\/11\/nedrevet_Skee.jpg\" alt=\"\" class=\"wp-image-590\" srcset=\"https:\/\/historiskforeninghbh.dk\/wp-content\/uploads\/2024\/11\/nedrevet_Skee.jpg 680w, https:\/\/historiskforeninghbh.dk\/wp-content\/uploads\/2024\/11\/nedrevet_Skee-300x203.jpg 300w\" sizes=\"auto, (max-width: 680px) 100vw, 680px\" \/><figcaption class=\"wp-element-caption\">F. V. Tvedes hovedbygning til Ryegaard set fra parken, nedrevet 1974<\/figcaption><\/figure>\n<\/div>\n\n\n<p class=\"has-medium-font-size\"><strong>Krabbesholm<\/strong>.<\/p>\n\n\n\n<p>Godset ligger nordligt i kommunen i Gersh\u00f8j sogn gr\u00e6nsende til Skibby. Det er et af landets nyere herreg\u00e5rde, idet det blev oprettet i 1673 af Oluf Rosenkrantz til Egholm p\u00e5 jorden efter en nedlagt landsby Vinderup. Indtil 1806 var de to godser \u2013 Egholm og Krabbesholm \u2013 ejet af samme person og drevet i f\u00e6llesskab. Efter Olufs d\u00f8d i 1685 blev det overtaget af besl\u00e6gtede fra Skeel-familien, senere af Otto Krabbe og i 1737 kom det i ejerskab af familien Rosenkrantz p\u00e5 Ryeg\u00e5rd. Ved Frederik Christian Rosenkrantz\u2019s d\u00f8d barnl\u00f8s i 1802 kom der skiftende ejere, indtil Nicolaj Abraham Holten k\u00f8bte Krabbesholm og naboejendommen Lindeg\u00e5rden i Skibby i 1810.<\/p>\n\n\n\n<p>P\u00e5 dette tidspunkt omfattede Krabbesholm foruden hovedg\u00e5rden f\u00e6steejendomme i hele S\u00e6by, dele af Karleby og Skibby. Han igangsatte et v\u00e6ldigt udviklingsprojekt med etablering af husmandskolonier, byggerier i S\u00e6by, beplantning af Krabbesholm skov og p\u00e5 talrige f\u00e6steejendomme. I 1830\u2019erne k\u00f8bte han af K\u00f8benhavns Universitet Gersh\u00f8j by, hvor der ogs\u00e5 blev foretaget udstykninger til husm\u00e6nd og nybyggerier. Efter Holtens d\u00f8d i 1850 blev godset sat til salg og k\u00f8bt af Lars Trolle, som byggede g\u00e5rdens f\u00f8rste rigtige herskabsbolig. I Trolles tid begyndte frasalget af de mange f\u00e6stehuse og -g\u00e5rde, en proces der f\u00f8rst sluttede med de nye landbrugslove omkring 1920. Den n\u00e6ste ejer var Frederik Wilhelm Treschow, hvis eneste datter Clara ved hans d\u00f8d i 1876 arvede godset. Hun giftede sig med Niels Juel til Meilg\u00e5rd. Da han d\u00f8de i 1938, kom godset p\u00e5 auktion, og det blev k\u00f8bt af De Forenede Kulimport\u00f8rer ved direkt\u00f8r Julius Christensen. Hans efterkommere ejer stadig godset, som de bebor, mens hovedg\u00e5rdens jorder fortsat drives som landbrug og er bortforpagtede.<\/p>\n\n\n\n<p class=\"has-text-align-right\">Lars Ki\u00f8rboe<\/p>\n\n\n<div class=\"wp-block-image\">\n<figure class=\"aligncenter size-full\"><img loading=\"lazy\" decoding=\"async\" width=\"700\" height=\"391\" src=\"https:\/\/historiskforeninghbh.dk\/wp-content\/uploads\/2025\/08\/Krabbesholm-hovedbygning_700.jpg\" alt=\"\" class=\"wp-image-865\" srcset=\"https:\/\/historiskforeninghbh.dk\/wp-content\/uploads\/2025\/08\/Krabbesholm-hovedbygning_700.jpg 700w, https:\/\/historiskforeninghbh.dk\/wp-content\/uploads\/2025\/08\/Krabbesholm-hovedbygning_700-300x168.jpg 300w\" sizes=\"auto, (max-width: 700px) 100vw, 700px\" \/><figcaption class=\"wp-element-caption\">Krabbesholm. : Luftfotografi fra Lejre arkiv<\/figcaption><\/figure>\n<\/div>\n\n\n<p class=\"has-medium-font-size\"><strong>Egholm<\/strong><\/p>\n\n\n\n<p>I den vestlige ende af S\u00e6by sogn finder vi Egholm. Dette gods er et af landets \u00e6ldste herres\u00e6der, idet der p\u00e5 borgholmen er fundet underjordiske bygningsrester fra den tidlige middelalder. Den f\u00f8rste kendte besidder var Jacob Sunesen fra Hvidesl\u00e6gten \u2013 han d\u00f8de i 1246. En senere ejer var Jakob af N\u00f8rrehalland, medlem af kongesl\u00e6gten, men anklaget som medvirkende i mordet p\u00e5 kong Erik Klipping. Godset blev inddraget af kronen, og senere ejere var drosten Henning Podebusk, der byggede en gotisk borg p\u00e5 stedet, og adelssl\u00e6gterne Hak og Krafse, hvorunder der i 1400\/1500-tallet blev bygget et ren\u00e6ssanceslot p\u00e5 holmen. Krafse-familien beholdt godset til 1640, hvor det blev k\u00f8bt af Holger Rosenkrantz \u2013 \u201dden rige\u201d. Dennes s\u00f8n Oluf Rosenkrantz arvede godset i 1647; han var en l\u00e6rd mand og gift med den ambiti\u00f8se og entreprenante Birgitte Krabbe. Ved Olufs oprettelse i 1673 af nabogodset Krabbesholm p\u00e5 den nedlagte landsby Vinderups jorder var det fru Birgitte, der satte pr\u00e6g p\u00e5 processen og lagde navn til det ny gods.<\/p>\n\n\n\n<p>Egholm og Krabbesholm var nu ejet af samme person og drevet i f\u00e6llesskab. Efter Olufs d\u00f8d i 1685 blev det overtaget af besl\u00e6gtede fra Skeel-familien, senere af Otto Krabbe, og i 1737 kom det i ejerskab af familien Rosenkrantz p\u00e5 Ryeg\u00e5rd. Frederik Christian Rosenkrantz arvede godset i 1765 og nedrev det nyrestaurerede ren\u00e6ssanceslot. Han d\u00f8de barnl\u00f8s i 1802, og der kom skiftende ejere indtil 1812, hvor generalmajor Johan Wolfgang von Haffner k\u00f8bte stedet. S\u00f8nnen Wolfgang byggede p\u00e5 den tomme borgholm i 1841-42 den hovedbygning, som godset stadig har i dag. Som sin kollega p\u00e5 Krabbesholm, N.A. Holten, forbedrede han ejendommen, plantede skov, mildnede b\u00f8ndernes k\u00e5r og oph\u00e6vede frivilligt hoveriet. Han etablerede et stamhus og frasolgte f\u00e6stegodset. Efter Haffners d\u00f8d i 1887 kom godset i familien Pipers eje. Som f\u00f8lge af lensafl\u00f8sningen blev Egholm udstykket i 1919, og slot og avlsg\u00e5rd blev adskilt. Slottet var ejet af Axel Kauffmann, baronesse Wedell-Neergaard og Alex Christiani, indtil det i 1988 blev k\u00f8bt af Ole Falck, den nuv\u00e6rende ejer. Avlsg\u00e5rden har v\u00e6ret ejet og drevet af en r\u00e6kke propriet\u00e6rer indtil 1990, hvor Ole Falck tilbagek\u00f8bte driften.<\/p>\n\n\n\n<p class=\"has-text-align-right\">Lars Ki\u00f8rboe<\/p>\n\n\n<div class=\"wp-block-image\">\n<figure class=\"aligncenter size-full\"><img loading=\"lazy\" decoding=\"async\" width=\"700\" height=\"578\" src=\"https:\/\/historiskforeninghbh.dk\/wp-content\/uploads\/2025\/08\/Egholm-kb_700.jpg\" alt=\"\" class=\"wp-image-866\" srcset=\"https:\/\/historiskforeninghbh.dk\/wp-content\/uploads\/2025\/08\/Egholm-kb_700.jpg 700w, https:\/\/historiskforeninghbh.dk\/wp-content\/uploads\/2025\/08\/Egholm-kb_700-300x248.jpg 300w\" sizes=\"auto, (max-width: 700px) 100vw, 700px\" \/><figcaption class=\"wp-element-caption\">Egholm. : Luftfoto fra Det Kongelige Bibliotek<\/figcaption><\/figure>\n<\/div>\n\n\n<p><\/p>\n","protected":false},"excerpt":{"rendered":"<p>Siden er under udarbejdelse! Der findes flere herreg\u00e5rde i vores omr\u00e5de, is\u00e6r i Bramsn\u00e6s.Her er en kort pr\u00e6sentation af dem. Aastrup Kloster ved Elverdams\u00e5en er&hellip;<\/p>\n","protected":false},"author":1,"featured_media":0,"parent":0,"menu_order":0,"comment_status":"closed","ping_status":"closed","template":"","meta":{"footnotes":""},"class_list":["post-570","page","type-page","status-publish","hentry"],"_links":{"self":[{"href":"https:\/\/historiskforeninghbh.dk\/index.php\/wp-json\/wp\/v2\/pages\/570","targetHints":{"allow":["GET"]}}],"collection":[{"href":"https:\/\/historiskforeninghbh.dk\/index.php\/wp-json\/wp\/v2\/pages"}],"about":[{"href":"https:\/\/historiskforeninghbh.dk\/index.php\/wp-json\/wp\/v2\/types\/page"}],"author":[{"embeddable":true,"href":"https:\/\/historiskforeninghbh.dk\/index.php\/wp-json\/wp\/v2\/users\/1"}],"replies":[{"embeddable":true,"href":"https:\/\/historiskforeninghbh.dk\/index.php\/wp-json\/wp\/v2\/comments?post=570"}],"version-history":[{"count":10,"href":"https:\/\/historiskforeninghbh.dk\/index.php\/wp-json\/wp\/v2\/pages\/570\/revisions"}],"predecessor-version":[{"id":959,"href":"https:\/\/historiskforeninghbh.dk\/index.php\/wp-json\/wp\/v2\/pages\/570\/revisions\/959"}],"wp:attachment":[{"href":"https:\/\/historiskforeninghbh.dk\/index.php\/wp-json\/wp\/v2\/media?parent=570"}],"curies":[{"name":"wp","href":"https:\/\/api.w.org\/{rel}","templated":true}]}}