{"id":514,"date":"2024-10-07T09:19:20","date_gmt":"2024-10-07T09:19:20","guid":{"rendered":"https:\/\/historiskforeninghbh.dk\/?page_id=514"},"modified":"2026-04-15T16:41:52","modified_gmt":"2026-04-15T16:41:52","slug":"medlemskab","status":"publish","type":"page","link":"https:\/\/historiskforeninghbh.dk\/index.php\/medlemskab\/","title":{"rendered":"Medlemskab"},"content":{"rendered":"\n<p class=\"has-medium-font-size\">Har du lyst til at vide mere om historien p\u00e5 den egn, hvor du bor, s\u00e5 er det oplagt at blive medlem af den lokale historiske forening.<\/p>\n\n\n\n<p class=\"has-medium-font-size\">Foreningen har ca. 140 medlemmer. Vi har husstandsmedlemsskab.<br>Kontingentet er 200 kr. \u00e5rligt for en husstand.<\/p>\n\n\n\n<p class=\"has-medium-font-size\"><strong>Indmeldelse<\/strong> kan ske ved at sende en mail til<br><a href=\"mailto:lokalhistoriehbh@outlook.com\">lokalhistoriehbh@outlook.com<\/a><br>Oplys navn, adresse og mailadresse<\/p>\n\n\n\n<p class=\"has-medium-font-size\"><strong>Indbetaling af kontingent<\/strong> kan ske til foreningens konto nr. 1551 0005553377 (med dit navn og adresse)<br>eller med MobilePay nr. 313997, ogs\u00e5 med oplysning om navn og adresse.<br>M\u00e6rk venligst indbetalingen med et k for &#8220;kontingent&#8221; eller b for &#8220;bog&#8221;, da vi ogs\u00e5 s\u00e6lger b\u00f8ger til en pris p\u00e5 200 kr.<\/p>\n\n\n\n<p class=\"has-medium-font-size\">I 2024 har foreningen udgivet en folder, der ganske kort fort\u00e6ller om foreningen.<\/p>\n\n\n\n<figure class=\"wp-block-image size-full\"><img loading=\"lazy\" decoding=\"async\" width=\"147\" height=\"207\" src=\"https:\/\/historiskforeninghbh.dk\/wp-content\/uploads\/2024\/09\/hvervefolder_ramme.jpg\" alt=\"\" class=\"wp-image-323\"\/><\/figure>\n\n\n\n<p class=\"has-medium-font-size\"><a href=\"https:\/\/historiskforeninghbh.dk\/wp-content\/uploads\/2024\/10\/Hvervefolder_2024_standard.pdf\">Link til folderen<\/a><\/p>\n\n\n\n<p><\/p>\n","protected":false},"excerpt":{"rendered":"<p>Har du lyst til at vide mere om historien p\u00e5 den egn, hvor du bor, s\u00e5 er det oplagt at blive medlem af den lokale&hellip;<\/p>\n","protected":false},"author":1,"featured_media":0,"parent":0,"menu_order":0,"comment_status":"closed","ping_status":"closed","template":"","meta":{"footnotes":""},"class_list":["post-514","page","type-page","status-publish","hentry"],"_links":{"self":[{"href":"https:\/\/historiskforeninghbh.dk\/index.php\/wp-json\/wp\/v2\/pages\/514","targetHints":{"allow":["GET"]}}],"collection":[{"href":"https:\/\/historiskforeninghbh.dk\/index.php\/wp-json\/wp\/v2\/pages"}],"about":[{"href":"https:\/\/historiskforeninghbh.dk\/index.php\/wp-json\/wp\/v2\/types\/page"}],"author":[{"embeddable":true,"href":"https:\/\/historiskforeninghbh.dk\/index.php\/wp-json\/wp\/v2\/users\/1"}],"replies":[{"embeddable":true,"href":"https:\/\/historiskforeninghbh.dk\/index.php\/wp-json\/wp\/v2\/comments?post=514"}],"version-history":[{"count":7,"href":"https:\/\/historiskforeninghbh.dk\/index.php\/wp-json\/wp\/v2\/pages\/514\/revisions"}],"predecessor-version":[{"id":1001,"href":"https:\/\/historiskforeninghbh.dk\/index.php\/wp-json\/wp\/v2\/pages\/514\/revisions\/1001"}],"wp:attachment":[{"href":"https:\/\/historiskforeninghbh.dk\/index.php\/wp-json\/wp\/v2\/media?parent=514"}],"curies":[{"name":"wp","href":"https:\/\/api.w.org\/{rel}","templated":true}]}}