{"id":501,"date":"2024-10-07T08:48:38","date_gmt":"2024-10-07T08:48:38","guid":{"rendered":"https:\/\/historiskforeninghbh.dk\/?page_id=501"},"modified":"2024-10-07T09:17:51","modified_gmt":"2024-10-07T09:17:51","slug":"formaal","status":"publish","type":"page","link":"https:\/\/historiskforeninghbh.dk\/index.php\/formaal\/","title":{"rendered":"Form\u00e5l"},"content":{"rendered":"\n<h1 class=\"wp-block-heading has-medium-font-size\">Historisk Forening for Bramsn\u00e6s og Hvals\u00f8 &#8211; HBH &#8211; har to form\u00e5l:<br>Den er dels lokalhistorisk forening, dels lokal bevaringsforening.<\/h1>\n\n\n\n<h1 class=\"wp-block-heading has-medium-font-size\">I den f\u00f8rste egenskab arbejder foreningen sammen med lokalarkivet med det form\u00e5l at indsamle, bevare og formidle viden om vor egns fortid.<\/h1>\n\n\n\n<h1 class=\"wp-block-heading has-medium-font-size\">I den anden egenskab arbejder foreningen for at bevare vor bygningsarv og anden kulturarv p\u00e5 stedet.<\/h1>\n\n\n\n<h1 class=\"wp-block-heading has-medium-font-size\">Foreningens bestyrelse samarbejder ogs\u00e5 aktivt med en r\u00e6kke andre instanser: Milj\u00f8ministeriet, kommunen, museerne, naturfredningsforeningen, grundejerforeninger, bylaug og historiske foreninger i nabokommunerne.<\/h1>\n\n\n\n<h1 class=\"wp-block-heading has-medium-font-size\">Foreningen g\u00f8r sig umage for at fremkomme med relevante kommentarer til kommunens lokalplaner og til anden offentlig planl\u00e6gning, for s\u00e5 vidt disse indeholder elementer af bevaringsv\u00e6rdier af historisk karakter.<\/h1>\n\n\n\n<h1 class=\"wp-block-heading has-medium-font-size\">HBH arrangerer foredrag og ekskursioner i og uden for lokalomr\u00e5det.<\/h1>\n\n\n\n<h1 class=\"wp-block-heading has-medium-font-size\">Foreningen udgiver sammen med Lejre Historiske Forening, Lejre Museumsforening og Tadre M\u00f8lles Venner bladet Lethrica, som udkommer to gange om \u00e5ret. Det uddeles gratis til alle medlemmer.<br>Ind imellem udgiver foreningen ogs\u00e5 en ny bog om et lokalhistorisk emne.<\/h1>\n\n\n\n<h1 class=\"wp-block-heading has-medium-font-size\">De lokalhistoriske foreningers bygningsbevaringspris uddeles ca. en gang om \u00e5ret for en veludf\u00f8rt restaurering, der kan bed\u00f8mmes som egnskarakteristisk og med respekt for den oprindelige arkitektur.<\/h1>\n","protected":false},"excerpt":{"rendered":"<p>Historisk Forening for Bramsn\u00e6s og Hvals\u00f8 &#8211; HBH &#8211; har to form\u00e5l:Den er dels lokalhistorisk forening, dels lokal bevaringsforening. I den f\u00f8rste egenskab arbejder foreningen&hellip;<\/p>\n","protected":false},"author":1,"featured_media":0,"parent":0,"menu_order":0,"comment_status":"closed","ping_status":"closed","template":"","meta":{"footnotes":""},"class_list":["post-501","page","type-page","status-publish","hentry"],"_links":{"self":[{"href":"https:\/\/historiskforeninghbh.dk\/index.php\/wp-json\/wp\/v2\/pages\/501","targetHints":{"allow":["GET"]}}],"collection":[{"href":"https:\/\/historiskforeninghbh.dk\/index.php\/wp-json\/wp\/v2\/pages"}],"about":[{"href":"https:\/\/historiskforeninghbh.dk\/index.php\/wp-json\/wp\/v2\/types\/page"}],"author":[{"embeddable":true,"href":"https:\/\/historiskforeninghbh.dk\/index.php\/wp-json\/wp\/v2\/users\/1"}],"replies":[{"embeddable":true,"href":"https:\/\/historiskforeninghbh.dk\/index.php\/wp-json\/wp\/v2\/comments?post=501"}],"version-history":[{"count":2,"href":"https:\/\/historiskforeninghbh.dk\/index.php\/wp-json\/wp\/v2\/pages\/501\/revisions"}],"predecessor-version":[{"id":513,"href":"https:\/\/historiskforeninghbh.dk\/index.php\/wp-json\/wp\/v2\/pages\/501\/revisions\/513"}],"wp:attachment":[{"href":"https:\/\/historiskforeninghbh.dk\/index.php\/wp-json\/wp\/v2\/media?parent=501"}],"curies":[{"name":"wp","href":"https:\/\/api.w.org\/{rel}","templated":true}]}}