{"id":334,"date":"2024-09-26T17:34:00","date_gmt":"2024-09-26T17:34:00","guid":{"rendered":"https:\/\/historiskforeninghbh.dk\/?page_id=334"},"modified":"2026-03-13T13:35:31","modified_gmt":"2026-03-13T13:35:31","slug":"generalforsamlinger","status":"publish","type":"page","link":"https:\/\/historiskforeninghbh.dk\/index.php\/generalforsamlinger\/","title":{"rendered":"Generalforsamlinger"},"content":{"rendered":"\n<p><em><strong>Den \u00e5rlige generalforsamling afholdes inden udgangen af februar m\u00e5ned. Indkomne forslag skal v\u00e6re bestyrelsen i h\u00e6nde senest syv dage f\u00f8r afholdelse af generalforsamlingen.<\/strong><\/em><\/p>\n\n\n\n<p class=\"has-medium-font-size\"><strong>Referat af Ordin\u00e6r generalforsamling <\/strong>2026 for <strong>Historisk Forening for Bramsn\u00e6s og Hvals\u00f8.<br><\/strong>Mandag den 23. februar 2026 kl. 19.30 p\u00e5 <strong>Gundestedg\u00e5rd, <\/strong>Gundestedvej 40 i <strong>Hvals\u00f8<\/strong><\/p>\n\n\n\n<p>Der var m\u00f8dt 28 personer plus bestyrelsen til generalforsamlingen.<\/p>\n\n\n\n<p><strong>Dagsorden if\u00f8lge vedt\u00e6gternes \u00a7 8:<\/strong><\/p>\n\n\n\n<ol class=\"wp-block-list\">\n<li>Valg af dirigent \u2013 S\u00f8ren Bo Bojesen<\/li>\n\n\n\n<li>Valg af referent \u2013 Benedikte Ki\u00f8rboe<br>Valg af to stemmet\u00e6llere \u2013 Bent Reimer Nielsen og Rolf Hegedys.<br>Generalforsamlingen var lovligt indkaldt med mindst 14 dages varsel.<\/li>\n<\/ol>\n\n\n\n<p>3. <strong>Formandens beretning:<\/strong><br>\u00c5rets f\u00f8rste arrangement havde vi mandag den 7. april i kulturhuset i Hvals\u00f8 i form af et foredrag med Sten Hedelund om Danmark fra \u201dEurop\u00e6isk stormagt til lilleputnation\u201d &#8211; en begivenhedsrig periode i Danmarks historien, med begyndelsen til det Danmark, vi kender i dag.<br>Den 23. april havde vi den ekstraordin\u00e6re generalforsamling, og bagefter konstituerede bestyrelsen sig og havde \u00e5rets f\u00f8rste m\u00f8de efter generalforsamlingen.<br>Tirsdag d. 20. maj havde vi sammen med arkivet vores sidste Kirkebes\u00f8g og Kirkeg\u00e5rdsvandring i Bramsn\u00e6s p\u00e5 Lyndby Kirkeg\u00e5rd, som ligger smukt ned til fjorden med mange fine og interessante gravsteder. Bagefter fik vi kaffe inde i kirken og havde en god samtale med provst Munck om kirken og dens historie.<br>Vores n\u00e6ste arrangement var et bes\u00f8g p\u00e5 frihedsmuseet i K\u00f8benhavn i anledning af 80 \u00e5ret for befrielsen. Det var d.14. juni, og vi m\u00f8dtes i frihedsmuseets foyer og runddel, som er bygget under jorden i Churchillparken. Vi havde en oplevelsesrig dag p\u00e5 museet med en fin guidet tur rundt idet nye museum, som er en rigtig god afl\u00f8ser for det gamle, som br\u00e6ndte.<br>Som bekendt har Lars Ki\u00f8rboe skrevet en fin bog om S\u00e6by, og bestyrelsen havde spurgt Lars, om han gerne ville afholde en byvandring i S\u00e6by. Ideen var, at vi ville gerne udbrede forst\u00e5elsen for de forskellige byer i henholdsvis Bramsn\u00e6s og Hvals\u00f8 til vores medlemmer.<br>S\u00e5 s\u00f8ndag den 14. september m\u00f8dtes vi ved S\u00e6by Kirke, hvorfra vi gik via et kort bes\u00f8g p\u00e5 kirkeg\u00e5rden rundt i S\u00e6by, som er en idyllisk lille by, der i meget h\u00f8j grad har bevaret sit historiske pr\u00e6g. Vi endte igen ved kirken, hvor vi fik en forfriskning, og der var en god sp\u00f8rgerunde med mange sp\u00f8rgsm\u00e5l til Lars om byen.<br>L\u00f8rdag den 4. oktober uddelte vi sammen med Lejre Historiske forening, foreningernes bygningspr\u00e6miering til et velbevaret eller fint\/godt restaureret hus i Lejre kommune.<br>I \u00e5r havde udvalget for bygningsbevaring valgt et hus, som ligger et meget historisk sted, nemlig Holtens Minde eller S\u00e6by huse, som det ogs\u00e5 hedder. Selve huset ligger p\u00e5 Holtensmindevej 57 og er ejet af Ole Dahl. Ole erhvervede ejendommen i \u00e5r 2000, og det var det en meget nedslidt bygning i d\u00e5rlig stand. Huset er i dag bragt tilbage til sin autentiske form udvendig med str\u00e5tag, gavle og mure, som det var omkring 1820, da det blev bygget. Indvendig er det et moderne hus, men hvor det er tydeligt, at man har brugt meget af interi\u00f8ret, som det var, og alt, hvad der ikke kunne bruges, hvor det var, blev sat i stand og genbrugt et andet sted i huset. Virkelig et flot arbejde, der er gjort.<br>Mandag den 3. november havde vi endnu et foredrag med Sten Hedelund sammen med Lejre arkiv, denne gang om Struense og hans tid. Samt betydningen af hans reformer b\u00e5de i tiden og virkningen op til i dag.<br>L\u00f8rdag den15. november havde vi vores f\u00f8rste Kirkeg\u00e5rdsvandring i Hvals\u00f8, n\u00e6rmere bestemt i kirken i Kirke S\u00e5by. Vi m\u00f8dtes foran kirken en kold, men smuk formiddag, og fik f\u00f8rst en fin introduktion af pastor Poul Joakim Stender inde i kirken om dens historie og om selve kirkeg\u00e5rden, hvorefter vi kunne bese den smukt beliggende kirkeg\u00e5rd.<br>4. Afl\u00e6ggelse af regnskab \u2013 det reviderede regnskab blev godkendt.<br>5. Der var ingen indkomne forslag.<br>6. Freml\u00e6ggelse af budget \u2013 budgettet blev godkendt.<br>7. Fasts\u00e6ttelse til kontingent for indev\u00e6rende \u00e5r \u2013 u\u00e6ndret 200 kr.<br>8. Valg af 4 bestyrelsesmedlemmer:<br>Genvalg til Bjarne Holm, Thyra Johannesen og Benedikte Ki\u00f8rboe.<br>Nyvalg til Ellen Skjoldager Andersen. Nyvalg af suppleant Anne Marie Madelung.<br>9. Genvalg af revisor J\u00f8rgen S\u00f8gaard.<br>&nbsp;&nbsp;&nbsp;&nbsp; Genvalg af revisorsuppleant Bent Reimer Nielsen.<br>10. Eventuelt.<br>Et medlem foreslog, at man skulle g\u00f8re foreningen mere synlig, da det er sv\u00e6rt at finde informationer om foreningen. Hjemmeside \u2013Facebook.<br>J\u00f8rgen S\u00f8gaard fortalte, at Tadre M\u00f8lles Venner havde f\u00e5et ny formand Jens-Kristian Jakobsen<\/p>\n\n\n\n<p><strong>Foredrag ved Ole Theill Knudsen om Gundestedg\u00e5rd:<\/strong><br>G\u00e5rden, der n\u00e6rmest var en ruin, blev k\u00f8bt af Oles farfar og farmor i 1916. Det var en firl\u00e6nget ejendom med str\u00e5tag, opf\u00f8rt i 1860erne. Under II verdenskrig blev der gravet t\u00f8rv p\u00e5 grunden, og der var ingen dyr. I 1962 startede Gundested Campinghaver \u2013 de f\u00f8rste campister var fiskere, som benyttede de to moser og l\u00e5 i telt med deres familier. Senere, i 1965, blev pladsen etableret med sm\u00e5 haver, som fortsatte stort set uforandret i forel\u00f8big 60 \u00e5r med omkring 200 pladser. I 1981 blev der rejst en vindm\u00f8lle p\u00e5 bakken ved Gundestedg\u00e5rd Campinghaver, og den st\u00e5r der stadig. Ole og s\u00f8steren Merete overtog Gundstedg\u00e5rd i 2004, og i 2013 blev Ole eneejer, hvorefter hans s\u00f8n, Rune overtog stedet i 2024.<\/p>\n\n\n\n<p>Efterf\u00f8lgende har bestyrelsen konstitueret sig s\u00e5ledes:<br>Formand: Bjarne Holm, n\u00e6stformand: Thyra Johannesen, kasserer: Irene Petersen, sekret\u00e6r: Benedikte Ki\u00f8rboe. De \u00f8vrige: Karin Gottfredsen, Ole Theill Knudsen og Ellen Skjoldager Andersen er bestyrelsesmedlemmer med forskellige ansvarsopgaver. Suppleant: Anne Marie Madelung.<\/p>\n\n\n\n<p>(ref. Benedikte Ki\u00f8rboe, S\u00e6by, den 12. marts 2026).<\/p>\n\n\n\n<p> <a href=\"https:\/\/historiskforeninghbh.dk\/wp-content\/uploads\/2026\/03\/Regnskab_2025_HBH-scaled.jpeg\">Regnskab_2025_HBH<\/a><\/p>\n\n\n\n<p> <a href=\"https:\/\/historiskforeninghbh.dk\/wp-content\/uploads\/2026\/03\/Budget_HBH_2026.jpeg\">Budget_HBH_2026<\/a><\/p>\n\n\n\n<p class=\"has-medium-font-size\"><strong>Referat af ekstraordin\u00e6r generalforsamling 2025.<\/strong><\/p>\n\n\n\n<p class=\"has-medium-font-size\">Onsdag d. 23. april 2025 kl. 19.30 p\u00e5 <strong>Gundestedg\u00e5rd, Gundestedvej 40.<br><\/strong>Der var m\u00f8dt 8 personer plus bestyrelsen op til generalforsamlingen.<br>Dagsorden if\u00f8lge vedt\u00e6gternes \u00a7 15:<br>1. Valg af dirigent \u2013 John Petersen.<br>Valg af referent \u2013 Benedikte Ki\u00f8rboe<br>Valg af 2 stemmet\u00e6llere \u2013 John S\u00f8gaard og Kirsten Rekman.<br>Generalforsamlingen er lovlig indkaldt med mindst 14 dages varsel.<br>2. Afl\u00e6ggelse af regnskab \u2013 udgifterne i 2024 bel\u00f8b sig til 104.500,83 kr. og indt\u00e6gterne udgjorde 63.584,83kr., hvorved der er et underskud p\u00e5 40.915,90 kr.<br>Regnskabet blev godkendt.<br>3. Freml\u00e6ggelse af indev\u00e6rende \u00e5rs budget. Det viser en forventet indt\u00e6gt p\u00e5 30.000 kr. og forventet udgift p\u00e5 32.500 kr., s\u00e5 der bliver et underskud p\u00e5 2.500 kr. Budgettet blev vedtaget.<br>4. Fasts\u00e6ttelse af kontingent for indev\u00e6rende \u00e5r &#8211; forslag 200 kr., som blev vedtaget.<br>5. Afstemning om bestyrelsens forslag til vedt\u00e6gts\u00e6ndringer (anden afstemning).<br>Vedt\u00e6gts\u00e6ndringerne blev enstemmigt vedtaget.<br><br>Efter generalforsamlingen blev der serveret kaffe\/te og hjemmebagt kage.<br><br>Med venlig hilsen<br>Bestyrelsen&nbsp;<br>(Sekr. Benedikte Ki\u00f8rboe, S\u00e6by d.1.maj 2025).<\/p>\n\n\n\n<p><a href=\"https:\/\/historiskforeninghbh.dk\/wp-content\/uploads\/2025\/05\/Regnskab_2024.pdf\">Regnskab_2024.pdf<\/a><\/p>\n\n\n\n<p> <a href=\"https:\/\/historiskforeninghbh.dk\/wp-content\/uploads\/2025\/05\/Budget_2025.pdf\">Budget_2025.pdf<\/a><\/p>\n\n\n\n<p class=\"has-medium-font-size\">R<strong>eferat<br>Ordin\u00e6r generalforsamling <\/strong>for <strong>Historisk Forening for Bramsn\u00e6s og Hvals\u00f8.<br><\/strong>Mandag d. 24. februar 2025 kl. 19.30 i <strong>Ejby Forsamlingshus, Ejbyvej 60, Kirke Hyllinge.<\/strong><br>Der var m\u00f8dt 35 personer plus bestyrelsen til generalforsamlingen.<\/p>\n\n\n\n<p><strong>Dagsorden if\u00f8lge vedt\u00e6gter:<br><\/strong>1. Valg af dirigent \u2013 S\u00f8ren Bo Bojesen<br>Valg af referent \u2013 Benedikte Ki\u00f8rboe<br>Valg af 2 stemmet\u00e6llere \u2013 Ole Malling og Rolf Hegedys.<br>Generalforsamlingen er lovlig indkaldt med mindst 14 dages varsel.<br>2. Formandens beretning:<br>(Kan l\u00e6ses p\u00e5 hjemmesiden <a href=\"https:\/\/historiskforeninghbh.dk\">https:\/\/historiskforeninghbh.dk<\/a>)<br>3. Afl\u00e6ggelse af regnskab \u2013 udg\u00e5r, da der er fundet en fejl i regnskabet.<br>Regnskabet vil blive fremlagt p\u00e5 en senere ekstraordin\u00e6r generalforsamling.<br>4. Freml\u00e6ggelse af budget \u2013 udg\u00e5r.<br>5. Fasts\u00e6ttelse til kontingent for indev\u00e6rende \u00e5r \u2013 udg\u00e5r ligeledes.<br><strong>6. Forslag fra bestyrelsen om vedt\u00e6gts\u00e6ndringer:<br><\/strong>Thyra gennemgik de vigtigste \u00e6ndringer: i \u00a7 2 tilf\u00f8jes \u2013 samt andre historiske emner. \u00a75 hvori der st\u00e5r, hvad der sker, hvis man ikke betaler kontingent.<br>\u00a7 8 fremh\u00e6ver, at det er budget og kontingent for indev\u00e6rende \u00e5r. \u00a7 10 om indkaldelse til ekstraordin\u00e6r generalforsamling. \u00a7 18 er en ny paragraf, der siger, at foreningen tegnes af formanden og kassereren i f\u00e6llesskab. \u00a7 22 vedt\u00e6gts\u00e6ndringer skal fremover vedtages ved 2\/3 flertal.<br>Vedt\u00e6gts\u00e6ndringerne blev enstemmigt vedtaget.<br>7. Valg af 3 bestyrelsesmedlemmer:<br>Genvalg til Karin Gottfredsen, og Ole Theill Knudsen.<br>Nyvalg til Irene Petersen.<br>Nyvalg af suppleant Ellen Skjoldager Andersen.<br>Genvalg af revisor Ole Meibom.<br>8. Eventuelt.<br>Formanden l\u00e6ste et takkebrev op fra et tidligere medlem af Bramsn\u00e6s Lokalhistoriske Forening nu afd\u00f8de Lisbeth \u00d8rnbjerg.<\/p>\n\n\n\n<p><br><strong>Foredrag ved Morten Thomsen H\u00f8jsgaard om det \u201dVerdensarvscenter\u201d, der vil blive oprettet ved Roskilde Domkirke:<\/strong><br>Domkirken kom p\u00e5 UNESCOs kulturelle Verdensarvsliste i 1995 af f\u00f8lgende grunde:<br>1) den er bygget af mursten, en unik byggeteknik for sin tid.<br>2) Den har v\u00e6ret et kongeligt mausoleum siden slutningen af 1500-tallet.<br>Da kirken, der \u00e5rligt bes\u00f8ges af 163.000 betalende turister, kun har et lille museum og ingen toiletfaciliteter eller klasserum, vil det v\u00e6re h\u00f8jst \u00f8nskeligt at oprette et moderne formidlingscenter i forbindelse med kirken.<br>Nu er det endelig lykkedes at skaffe 125 millioner kr. fra forskellige fonde til etablering af centret, der skal ligge i det \u201dKongelige Pal\u00e6\u201d, det gule kompleks ved siden af Domkirken. Barokkomplekset, som er tegnet af Laurids de Thurah i 1773, er fredet og har sm\u00e5 rum, der ikke m\u00e5 \u00e6ndres. I portbygningen vil der blive garderobe, toiletter og butik. Vestfl\u00f8jen vil huse nye udstillinger, og bygningen til h\u00f8jre en afdeling for b\u00f8rn og unge. Den gamle port i kirkemuren vil blive \u00e5bnet, s\u00e5 pal\u00e6haven bliver offentligt tilg\u00e6ngelig. Der vil desuden blive oprettet en database over gravl\u00e6ggelser i kirken. Det hele vil forh\u00e5bentlig v\u00e6re f\u00e6rdig i 2028.<br>Efterf\u00f8lgende har bestyrelsen konstitueret sig s\u00e5ledes:<br>Formand: Bjarne Holm, n\u00e6stformand: Thyra Johannesen, kasserer: Irene Petersen, sekret\u00e6r: Benedikte Ki\u00f8rboe. De \u00f8vrige: Karin Gottfredsen, Ole Theill Knudsen og Flemming Damgaard Larsen er bestyrelsesmedlemmer med forskellige ansvarsopgaver. Suppleant Ellen Skjoldager Andersen.<\/p>\n\n\n\n<p>(Ref. Benedikte Ki\u00f8rboe, S\u00e6by d.15. marts 2025).<\/p>\n\n\n\n<p><strong>Formandens beretning 2025<\/strong><br>Beretning 2025<br>Vi startede vores nye forening d. 8. april med en stiftende generalforsamling p\u00e5 Gundestedg\u00e5rd, hvor den nye bestyrelse blev valgt med repr\u00e6sentanter for begge de gamle foreninger.<br>Vores f\u00f8rste arrangement efter generalforsamlingen var en forts\u00e6ttelse af vores kirkeg\u00e5rdsvandringer, og nu var vi n\u00e5et til Kirke Sonnerup, som vi bes\u00f8gte d. 23. april. Desv\u00e6rre havde vi valgt en dag med d\u00e5rligt vejr, men alligevel var der m\u00f8dt en gruppe op p\u00e5 15 personer. Vi startede i kirken, hvor vores pr\u00e6st Birgit Svendsen, som nu er emerita, fortalte om Sonnerups smukke middelalderkirke, som ogs\u00e5 indvendigt har bevaret sit middelalderpr\u00e6g, og hvis lange historie Birgit Svendsen p\u00e5 vanlig vis berettede levende og engageret om. Vandringen p\u00e5 kirkeg\u00e5rden bagefter var ogs\u00e5 fin, da der ogs\u00e5 p\u00e5 Kirke Sonnerup er mange fine interessante gravsteder, hvor flere havde historiens vingesus, blandt andet en krigshelt fra 3 \u00e5rs krigen 1849 \u2013 1852, men ogs\u00e5 familiegravsteder fra g\u00e5rdene i Kirke Sonnerup og nogle enkelte embedsmands-gravsteder.<br>Onsdag d. 1. maj havde vi f\u00f8rste bestyrelsesm\u00f8de hos S\u00f8ren p\u00e5 Aastrup Kloster, som velvilligt havde stillet lokale til r\u00e5dighed for os, hvor vi her konstituerede os og fordelte opgaverne imellem os. Desv\u00e6rre blev vores kasserer Ole Knudsen syg og for tiden ikke kunne p\u00e5tage sig kassererarbejdet. Det blev derfor besluttet, at vi ville rette henvendelse til Bramsn\u00e6s\u2019 gamle kasserer Irene Petersen og sp\u00f8rge, om hun kunne hj\u00e6lpe os. Irene havde ogs\u00e5 haft en sygdomsperiode, men vi h\u00e5bede, at hun havde f\u00e5et det bedre. Vi blev enige om at forts\u00e6tte arbejdet med at f\u00e5 vores nye logo, hvervefolder, hjemmeside, mailadresse og diverse andre ting p\u00e5 plads.<br>D. 13.maj bes\u00f8gte vi Aastrup Kloster, hvor stiftsforvalter, medlem af vores bestyrelse S\u00f8ren Bo Bojesen, viste Aastrup&nbsp; frem. De 29 fremm\u00f8dte medlemmer fik set bygningen fra k\u00e6lder til kvist og fortalt &nbsp;mange fine historier om slottet og dets beboere gennem tiden.<br>Ved dette bestyrelsesm\u00f8de blev det endeligt besluttet. at vi var \u00e9n forening i vores arbejde og afregning i de f\u00e6lles foredrag med Lejre arkiv og Lejre Historiske Forening. Vi havde ogs\u00e5 den gl\u00e6de, at Irene Petersen, Bramsn\u00e6s\u2019 gamle kasserer, gerne ville hj\u00e6lpe os og var med til m\u00f8det og allerede var g\u00e5et i gang med arbejdet som kasserer.<br>Karin Gottfredsen havde arbejdet med vores nye logo, som meget fint illustrerer Hvals\u00f8s gamle egetr\u00e6 med Bramn\u00e6s\u2019 n\u00f8gle til historien, og sammen danner de et billede af b\u00e5de nutid og det forgangne.<br>S\u00f8ndag d. 11. august var det M\u00f8lle Maries dag p\u00e5 Tadre M\u00f8lle, som foreningen st\u00f8ttede som altid, heldigvis i godt selskab og dejligt vejr.<br>Vores n\u00e6ste foredrag var tirsdag d. 27. august i en stopfyldt S\u00e6by Kirke, hvor Lars Ki\u00f8rboe holdt foredrag og pr\u00e6senterede sin og foreningens nye og forel\u00f8big sidste bog i r\u00e6kken af b\u00f8ger om S\u00e6by og dens interessante historiske omgivelser. Denne gang om landsbyens historie, ejendomme og beboere. Kirken var fyldt til bristepunktet, og der var et fint salg af bogen.<br>Tirsdag d. 3. september fortsatte vi med vores kirkeg\u00e5rdsvandringer, denne gang i Kirke Hyllinge. Der var et p\u00e6nt fremm\u00f8de p\u00e5 24 personer, Efter vandringen var vi inde i kirken, hvor Provst Lars Munk fortalte om kirken, som er en traditionel middelalderkirke, men indvendigt restaureret, s\u00e5 den fremst\u00e5r smukt b\u00e5de som middelalderkirke, men ogs\u00e5 med en moderne indretning af kirkerummet.<br>Vores n\u00e6ste foredrag var mandag d. 9. september, og det blev holdt i Hvals\u00f8 Kulturhus.<br>Det handlede om \u00e5bningen af Nordvestbanen fra Roskilde til Kalundborg for 150 \u00e5r siden. Der var m\u00f8dt rigtig mange mennesker op for at h\u00f8re Ole Plum fra Odsherreds Trafikmuseum fort\u00e6lle om banens vanskelige tilblivelse og f\u00f8rste k\u00f8rsel allersidst p\u00e5 \u00e5ret 1874, hvorfor vi alle altid har betragtet det som starten p\u00e5 banen, hvad det for s\u00e5 vidt ogs\u00e5 var. Men regelm\u00e6ssig drift kom f\u00f8rst i gang i 1875, hvorfor DSB f\u00f8rst fejrer jubil\u00e6et i \u00e5r.<br>Vores dygtige pr\u00e6miebygningsudvalg havde i 2024 udvalgt Degnehuset i Allerslev som modtager af \u00e5rets pr\u00e6mie. Degnehuset er et meget smukt hus i Allerslev, som n\u00e6nsomt er f\u00f8rt op til dagens standard, med et moderniseret indre, men som bygningsm\u00e6ssigt har bevaret sin stil og udseende, der svarer til husets alder.<br>Det var fredag d. 13. september, hvor der var m\u00f8dt mange af husets venner og medlemmer af Historisk forening op til reception og ops\u00e6tning af foreningens plakette.<br>Torsdag d. 28. november havde vi vores sidste m\u00f8de i 2024.<br>Vedt\u00e6gts\u00e6ndringerne blev gennemg\u00e5et, og de sidste finjusteringer blev diskuteret og Flemming ville arbejde videre med dem.<br>Tak for ordet.<br>P\u00e5 bestyrelsens vegne<br>Bjarne Holm.<\/p>\n\n\n\n<hr class=\"wp-block-separator has-alpha-channel-opacity\"\/>\n\n\n\n<p><a href=\"https:\/\/historiskforeninghbh.dk\/wp-content\/uploads\/2025\/03\/LisbethOenberg-scaled.jpg\">Takkebrev fra Lisbeth \u00d8rnberg<\/a><\/p>\n\n\n<div class=\"wp-block-image\">\n<figure class=\"aligncenter size-full\"><img loading=\"lazy\" decoding=\"async\" width=\"800\" height=\"502\" src=\"https:\/\/historiskforeninghbh.dk\/wp-content\/uploads\/2025\/03\/Generalforsamling-24-feb.-202501_800.jpg\" alt=\"\" class=\"wp-image-655\" srcset=\"https:\/\/historiskforeninghbh.dk\/wp-content\/uploads\/2025\/03\/Generalforsamling-24-feb.-202501_800.jpg 800w, https:\/\/historiskforeninghbh.dk\/wp-content\/uploads\/2025\/03\/Generalforsamling-24-feb.-202501_800-300x188.jpg 300w, https:\/\/historiskforeninghbh.dk\/wp-content\/uploads\/2025\/03\/Generalforsamling-24-feb.-202501_800-768x482.jpg 768w\" sizes=\"auto, (max-width: 800px) 100vw, 800px\" \/><figcaption class=\"wp-element-caption\">Formandens beretning 2025<\/figcaption><\/figure>\n<\/div>\n\n<div class=\"wp-block-image\">\n<figure class=\"aligncenter size-full\"><img loading=\"lazy\" decoding=\"async\" width=\"800\" height=\"732\" src=\"https:\/\/historiskforeninghbh.dk\/wp-content\/uploads\/2025\/03\/Generalforsamling-24-feb.-202504_800.jpg\" alt=\"\" class=\"wp-image-656\" srcset=\"https:\/\/historiskforeninghbh.dk\/wp-content\/uploads\/2025\/03\/Generalforsamling-24-feb.-202504_800.jpg 800w, https:\/\/historiskforeninghbh.dk\/wp-content\/uploads\/2025\/03\/Generalforsamling-24-feb.-202504_800-300x275.jpg 300w, https:\/\/historiskforeninghbh.dk\/wp-content\/uploads\/2025\/03\/Generalforsamling-24-feb.-202504_800-768x703.jpg 768w\" sizes=\"auto, (max-width: 800px) 100vw, 800px\" \/><figcaption class=\"wp-element-caption\">Morten Thomsen H\u00f8jsgaard om Verdensarvscentret ved Roskilde Domkirke<\/figcaption><\/figure>\n<\/div>\n\n\n<hr class=\"wp-block-separator has-alpha-channel-opacity\"\/>\n\n\n\n<p><a id=\"_msocom_1\"><\/a><\/p>\n\n\n\n<p class=\"has-medium-font-size\"><strong>Referat fra den Stiftende generalforsamling for Historisk Forening for Bramsn\u00e6s og Hvals\u00f8<\/strong><br><strong>Gundestedg\u00e5rd, Gundestedvej 40, mandag d. 8. april 2024 kl.19.30.<\/strong><br>Der var m\u00f8dt 36 personer op til generalforsamlingen.<\/p>\n\n\n\n<p><strong>Dagsorden if\u00f8lge vedt\u00e6gter:<br><\/strong>Valg af dirigent \u2013 S\u00f8ren Bo Bojesen<br>Valg af referent \u2013 Benedikte Ki\u00f8rboe<br>Valg af 2 stemmet\u00e6llere \u2013 J\u00f8rgen S\u00f8g\u00e5rd og Palle Pedersen.<br>Generalforsamlingen er lovlig indkaldt med mindst 14 dages varsel.<\/p>\n\n\n\n<p>15,2) Form\u00e6ndenes beretning om baggrunden for sammenl\u00e6gningen.<br>Bjarne: Bramsn\u00e6s Lokalhistoriske Forening blev stiftet i \u00e5r 2000 ved sammenl\u00e6gning af 2 foreninger med et medlemstal p\u00e5 150. Nu er medlemstallet faldet til ca. 80, hvilket er en af grundene til fusionen med Hvals\u00f8. Det vil give os et st\u00f8rre r\u00e5derum, b\u00e5de menneskeligt og \u00f8konomisk. S\u00e5 nu er det op til os \u2013 b\u00e5de medlemmer og den nye bestyrelse \u2013 at f\u00e5 nogle nye ideer og fornyet fremdrift, mens vi ogs\u00e5 holder ved den historie og tradition, som vi arbejder for at bevare.<br>Thyra: Tanken om en sammenl\u00e6gning af de lokalhistoriske foreninger opstod allerede ved kommunesammenl\u00e6gning i 2007, da de 3 gamle kommuner blev til Lejre Kommune.<br>Afl\u00e6ggelse af regnskab \u2013 udg\u00e5r.<br>Freml\u00e6ggelse af budget \u2013 udg\u00e5r.<br>Fasts\u00e6ttelse til kontingent \u2013 afventer bestyrelsens beslutning.<br>Ingen indkomne forslag.<\/p>\n\n\n\n<p>15,7) Valg af 7 bestyrelsesmedlemmer: Thyra Johannesen, Karin Gottfredsen, Ole Theill Knudsen, Ernst Theill, Bjarne Holm, Flemming Damg\u00e5rd og Benedikte Ki\u00f8rboe.<br>Suppleant: S\u00f8ren Bo Bojesen.<br>2 revisorer: J\u00f8rgen S\u00f8g\u00e5rd og Ole Meibom.<br>Revisorsuppleant:&nbsp; Bent Reimer Nielsen.<\/p>\n\n\n\n<p>J\u00f8rgen S\u00f8g\u00e5rd fra Tadre M\u00f8lle forespurgte, om den nye forenings vil forts\u00e6tte samarbejdet med Tadre M\u00f8lle, hvilket selvf\u00f8lgelig blev bekr\u00e6ftet.<\/p>\n\n\n\n<p><em>Efterf\u00f8lgende har bestyrelsen konstitueret sig s\u00e5ledes, at f\u00f8lgende bestyrelsesmedlemmer er valgt for 1 \u00e5r: Ole Theill Knudsen, Karin Gottfredsen, S\u00f8ren Bo Bojesen, mens Bjarne Holm, Thyra Johannesen, Flemming Damgaard Larsen og Benedikte Ki\u00f8rboe er valgt for 2 \u00e5r.<\/em><br><em>Formand: Bjarne Holm, n\u00e6stformand: Thyra Johannesen, kasserer: Ole Theill Knudsen, sekret\u00e6r: Benedikte Ki\u00f8rboe. De \u00f8vrige: Karin Gottfredsen, S\u00f8ren Bo Bojesen og Flemming Damgaard Larsen er bestyrelsesmedlemmer med forskellige ansvarsopgaver.<\/em><\/p>\n\n\n\n<p>(Ref. Benedikte Ki\u00f8rboe, S\u00e6by den 2. maj 2024).<\/p>\n\n\n\n<p><\/p>\n","protected":false},"excerpt":{"rendered":"<p>Den \u00e5rlige generalforsamling afholdes inden udgangen af februar m\u00e5ned. Indkomne forslag skal v\u00e6re bestyrelsen i h\u00e6nde senest syv dage f\u00f8r afholdelse af generalforsamlingen. Referat af&hellip;<\/p>\n","protected":false},"author":1,"featured_media":0,"parent":0,"menu_order":0,"comment_status":"closed","ping_status":"closed","template":"","meta":{"footnotes":""},"class_list":["post-334","page","type-page","status-publish","hentry"],"_links":{"self":[{"href":"https:\/\/historiskforeninghbh.dk\/index.php\/wp-json\/wp\/v2\/pages\/334","targetHints":{"allow":["GET"]}}],"collection":[{"href":"https:\/\/historiskforeninghbh.dk\/index.php\/wp-json\/wp\/v2\/pages"}],"about":[{"href":"https:\/\/historiskforeninghbh.dk\/index.php\/wp-json\/wp\/v2\/types\/page"}],"author":[{"embeddable":true,"href":"https:\/\/historiskforeninghbh.dk\/index.php\/wp-json\/wp\/v2\/users\/1"}],"replies":[{"embeddable":true,"href":"https:\/\/historiskforeninghbh.dk\/index.php\/wp-json\/wp\/v2\/comments?post=334"}],"version-history":[{"count":29,"href":"https:\/\/historiskforeninghbh.dk\/index.php\/wp-json\/wp\/v2\/pages\/334\/revisions"}],"predecessor-version":[{"id":992,"href":"https:\/\/historiskforeninghbh.dk\/index.php\/wp-json\/wp\/v2\/pages\/334\/revisions\/992"}],"wp:attachment":[{"href":"https:\/\/historiskforeninghbh.dk\/index.php\/wp-json\/wp\/v2\/media?parent=334"}],"curies":[{"name":"wp","href":"https:\/\/api.w.org\/{rel}","templated":true}]}}