{"id":330,"date":"2024-09-26T17:38:42","date_gmt":"2024-09-26T17:38:42","guid":{"rendered":"https:\/\/historiskforeninghbh.dk\/?page_id=330"},"modified":"2025-05-02T17:27:48","modified_gmt":"2025-05-02T17:27:48","slug":"vedtaegter-for-historisk-forening-for-bramsnaes-og-hvalsoe","status":"publish","type":"page","link":"https:\/\/historiskforeninghbh.dk\/index.php\/vedtaegter-for-historisk-forening-for-bramsnaes-og-hvalsoe\/","title":{"rendered":"Vedt\u00e6gter"},"content":{"rendered":"\n<p class=\"has-medium-font-size\"><strong>Vedt\u00e6gter for Historisk Forening for Bramsn\u00e6s og Hvals\u00f8<\/strong><\/p>\n\n\n\n<p><strong>Foreningens navn og hjemsted<\/strong><\/p>\n\n\n\n<p>\u00a7 1. Foreningens navn er Historisk Forening for Bramsn\u00e6s og Hvals\u00f8.&nbsp;&nbsp;&nbsp;&nbsp;&nbsp;&nbsp;&nbsp;&nbsp;&nbsp;&nbsp;&nbsp;&nbsp;&nbsp;&nbsp;&nbsp;&nbsp;&nbsp;&nbsp;&nbsp;&nbsp;&nbsp;&nbsp;&nbsp;&nbsp;&nbsp;&nbsp;&nbsp;&nbsp;&nbsp;&nbsp;&nbsp;&nbsp;&nbsp;&nbsp;&nbsp;&nbsp;&nbsp;&nbsp;&nbsp;&nbsp;&nbsp;&nbsp;&nbsp;&nbsp;&nbsp;&nbsp;<\/p>\n\n\n\n<p>Stk.2. Dens hjemsted er Lejre kommune.<\/p>\n\n\n\n<p><strong>Form\u00e5l<\/strong><strong><\/strong><\/p>\n\n\n\n<p>\u00a7 2. Foreningens form\u00e5l er at udbrede kendskab til og v\u00e6kke interesse for egnens historie, samt andre historiske emner; endvidere at virke for bevarelse af kulturhistoriske v\u00e6rdier, herunder bebyggelser og landskaber i Lejre Kommune.<\/p>\n\n\n\n<p><strong>Medlemskab<\/strong><strong><\/strong><\/p>\n\n\n\n<p>\u00a7 3. Enhver person eller husstand kan blive medlem af foreningen. Hvert medlemskab har \u00e9n stemme p\u00e5 generalforsamlingen.<\/p>\n\n\n\n<p>\u00a7 4. Ved indmeldelse i de sidste tre m\u00e5neder i et kalender\u00e5r opn\u00e5s kontingentfrihed i det p\u00e5g\u00e6ldende \u00e5r.<\/p>\n\n\n\n<p>\u00a7 5. Medlemskab oph\u00f8rer automatisk, hvis kontingent ikke er betalt inden en m\u00e5ned efter tredje mail\/skriftlige p\u00e5mindelse.<\/p>\n\n\n\n<p><strong>Kontingent<\/strong><strong><\/strong><\/p>\n\n\n\n<p>\u00a7 6. Kontingent fasts\u00e6ttes hvert \u00e5r p\u00e5 den ordin\u00e6re <a>generalforsamling.<\/a><\/p>\n\n\n\n<p><strong>Generalforsamling<\/strong><strong><\/strong><\/p>\n\n\n\n<p>\u00a7 7. Den \u00e5rlige generalforsamling, der er foreningens \u00f8verste myndighed, afholdes inden udgangen af februar m\u00e5ned. Den indkaldes med 14 dages varsel, ved mail eller brev til medlemmerne.<\/p>\n\n\n\n<p>Stk.2. Indkomne forslag skal v\u00e6re bestyrelsen i h\u00e6nde senest syv dage f\u00f8r afholdelse af generalforsamlingen.<\/p>\n\n\n\n<p>\u00a7 8. Dagsordenen for den ordin\u00e6re generalforsamling indeholder som minimum f\u00f8lgende punkter:<\/p>\n\n\n\n<ol class=\"wp-block-list\">\n<li>Valg af dirigent.<\/li>\n\n\n\n<li>Valg af referent og to stemmet\u00e6llere.<\/li>\n\n\n\n<li>Bestyrelsens beretning om foreningens virksomhed.<\/li>\n\n\n\n<li>Afl\u00e6ggelse og godkendelse af revideret regnskab.<\/li>\n\n\n\n<li>Indkomne forslag fra bestyrelse eller medlemmer.<\/li>\n\n\n\n<li>Freml\u00e6ggelse og godkendelse af indev\u00e6rende \u00e5rs budget.<\/li>\n\n\n\n<li>Fasts\u00e6ttelse af kontingent for indev\u00e6rende \u00e5r.<\/li>\n\n\n\n<li>Valg af bestyrelsesmedlemmer og en suppleant.<\/li>\n\n\n\n<li>Valg af en revisor samt en revisorsuppleant.<\/li>\n\n\n\n<li>\u00a0Eventuelt.<\/li>\n<\/ol>\n\n\n\n<p>Referater af generalforsamlinger underskrives af dirigenten og referenten; de opbevares og offentligg\u00f8res p\u00e5 foreningens hjemmeside.<\/p>\n\n\n\n<p>Stk.2. Indkaldelsen sker med 14 dages varsel ved bestyrelsens foranstaltning.<\/p>\n\n\n\n<p>\u00a7 9. P\u00e5 generalforsamlingen afg\u00f8res beslutninger ved almindeligt stemmeflertal. Dog henvises til \u00a7 22 og \u00a7 23.<\/p>\n\n\n\n<p>\u00a7 10. Ekstraordin\u00e6r generalforsamling kan indkaldes af bestyrelsen eller af 10% af medlemmerne, dog h\u00f8jst 15 medlemmer, efter skriftlig anmodning herom.<\/p>\n\n\n\n<p>Stk.2. Indkaldelsen skal ske ved bestyrelsens foranstaltning senest 14 dage efter anmodningens fremkomst. Herefter sker indkaldelsen med 14 dages varsel.<\/p>\n\n\n\n<p><strong>Bestyrelsen<\/strong><strong><\/strong><\/p>\n\n\n\n<p>\u00a7 11. Foreningen ledes af en p\u00e5 den ordin\u00e6re generalforsamling valgt bestyrelse. Denne best\u00e5r af syv medlemmer, der v\u00e6lges for to \u00e5r ad gangen. Fire bestyrelsesmedlemmer er p\u00e5 valg i lige \u00e5r; tre bestyrelsesmedlemmer er p\u00e5 valg i ulige \u00e5r. Der v\u00e6lges ligeledes en suppleant for et \u00e5r, to revisorer samt en revisorsuppleant. En revisor og revisorsuppleanten er p\u00e5 valg hvert \u00e5r.<\/p>\n\n\n\n<p>\u00a7 12. Genvalg kan finde sted til samtlige tillidshverv.<\/p>\n\n\n\n<p>\u00a7 13. Samtlige hverv i foreningen er ul\u00f8nnede.<\/p>\n\n\n\n<p>\u00a7 14. Bestyrelsen konstituerer sig med formand, n\u00e6stformand, kasserer og sekret\u00e6r.<\/p>\n\n\n\n<p>Stk.2. Bestyrelsen fasts\u00e6tter selv sin forretningsorden.<\/p>\n\n\n\n<p>\u00a7 15. Bestyrelsen holder medlemmerne ajour med foreningens arbejde gennem udsendelse af nyhedsbreve (pr. e-mail), samt ved orienteringer p\u00e5 foreningens hjemmeside.<\/p>\n\n\n\n<p>\u00a7 16. Kassereren har ansvaret for opkr\u00e6vning af medlemskontingent, f\u00f8ring af foreningens regnskab og medlemsfortegnelse samt afholdelse af de af bestyrelsen godkendte udgifter.<\/p>\n\n\n\n<p>\u00a7 17. Efter n\u00e6rmere koordination med bestyrelsen kan der neds\u00e6ttes arbejdsgrupper til varetagelse af foreningens arbejde.<\/p>\n\n\n\n<p><strong>Tegningsret og \u00f8konomi<\/strong><strong><\/strong><\/p>\n\n\n\n<p>\u00a7 18. Foreningen tegnes af formanden og kassereren i f\u00e6llesskab.<\/p>\n\n\n\n<p>\u00a7 19. Foreningens indt\u00e6gter hviler p\u00e5 medlemskontingenter; det b\u00f8r desuden tilstr\u00e6bes, at der s\u00f8ges skaffet midler fra fonde, offentlige institutioner m.v.<\/p>\n\n\n\n<p>\u00a7 20. Foreningens aktiver og kassebeholdning skal henst\u00e5 p\u00e5 bank- eller sparekassekonto; kassereren kan desuden r\u00e5de over en mindre kontantbeholdning.<\/p>\n\n\n\n<p><strong>Regnskab og revision<\/strong><strong><\/strong><\/p>\n\n\n\n<p>\u00a7 21. Regnskabs\u00e5ret f\u00f8lger kalender\u00e5ret.<\/p>\n\n\n\n<p><strong>Ved \u00e6ndringer af vedt\u00e6gterne<\/strong><strong><\/strong><\/p>\n\n\n\n<p>\u00a7 22. Vedt\u00e6gts\u00e6ndringer besluttes p\u00e5 en generalforsamling, hvor mindst 2\/3 af de afgivne stemmer er for \u00e6ndringerne. Er der flertal for \u00e6ndringerne, men er disse ikke vedtaget med 2\/3 af de afgivne stemmer, kan der indkaldes til en ny generalforsamling med 14 dages varsel, hvor forslaget kan vedtages ved simpelt stemmeflertal.<\/p>\n\n\n\n<p><strong>Opl\u00f8sning af foreningen<\/strong><strong><\/strong><\/p>\n\n\n\n<p>\u00a7 23. Foreningen kan opl\u00f8ses efter vedtagelse p\u00e5 to p\u00e5 hinanden f\u00f8lgende generalforsamlinger med mindst tre og h\u00f8jst seks ugers mellemrum, n\u00e5r mindst 2\u20443 af de afgivne stemmer er for p\u00e5 f\u00f8rste generalforsamling, og flertallet af afgivne stemmer p\u00e5 anden generalforsamling, er for.<\/p>\n\n\n\n<p>Stk.2. Ved foreningens oph\u00f8r vil dens midler overg\u00e5 til en anden, lignende institution efter sidste generalforsamlings beslutning.<\/p>\n\n\n\n<p>Vedtaget p\u00e5 generalforsamlingen i Historisk Forening for Bramsn\u00e6s og Hvals\u00f8 den 8.april 2024 i Hvals\u00f8.<\/p>\n\n\n\n<p>\u00c6ndret p\u00e5 generalforsamlingen, den 24. februar 2025 og endeligt vedtaget p\u00e5 den ekstraordin\u00e6re generalforsamling den 23. april 2025.<\/p>\n\n\n\n<p><\/p>\n","protected":false},"excerpt":{"rendered":"<p>Vedt\u00e6gter for Historisk Forening for Bramsn\u00e6s og Hvals\u00f8 Foreningens navn og hjemsted \u00a7 1. Foreningens navn er Historisk Forening for Bramsn\u00e6s og Hvals\u00f8.&nbsp;&nbsp;&nbsp;&nbsp;&nbsp;&nbsp;&nbsp;&nbsp;&nbsp;&nbsp;&nbsp;&nbsp;&nbsp;&nbsp;&nbsp;&nbsp;&nbsp;&nbsp;&nbsp;&nbsp;&nbsp;&nbsp;&nbsp;&nbsp;&nbsp;&nbsp;&nbsp;&nbsp;&nbsp;&nbsp;&nbsp;&nbsp;&nbsp;&nbsp;&nbsp;&nbsp;&nbsp;&nbsp;&nbsp;&nbsp;&nbsp;&nbsp;&nbsp;&nbsp;&nbsp;&nbsp; Stk.2. Dens&hellip;<\/p>\n","protected":false},"author":1,"featured_media":0,"parent":0,"menu_order":0,"comment_status":"closed","ping_status":"closed","template":"","meta":{"footnotes":""},"class_list":["post-330","page","type-page","status-publish","hentry"],"_links":{"self":[{"href":"https:\/\/historiskforeninghbh.dk\/index.php\/wp-json\/wp\/v2\/pages\/330","targetHints":{"allow":["GET"]}}],"collection":[{"href":"https:\/\/historiskforeninghbh.dk\/index.php\/wp-json\/wp\/v2\/pages"}],"about":[{"href":"https:\/\/historiskforeninghbh.dk\/index.php\/wp-json\/wp\/v2\/types\/page"}],"author":[{"embeddable":true,"href":"https:\/\/historiskforeninghbh.dk\/index.php\/wp-json\/wp\/v2\/users\/1"}],"replies":[{"embeddable":true,"href":"https:\/\/historiskforeninghbh.dk\/index.php\/wp-json\/wp\/v2\/comments?post=330"}],"version-history":[{"count":6,"href":"https:\/\/historiskforeninghbh.dk\/index.php\/wp-json\/wp\/v2\/pages\/330\/revisions"}],"predecessor-version":[{"id":703,"href":"https:\/\/historiskforeninghbh.dk\/index.php\/wp-json\/wp\/v2\/pages\/330\/revisions\/703"}],"wp:attachment":[{"href":"https:\/\/historiskforeninghbh.dk\/index.php\/wp-json\/wp\/v2\/media?parent=330"}],"curies":[{"name":"wp","href":"https:\/\/api.w.org\/{rel}","templated":true}]}}