{"id":208,"date":"2024-09-26T17:37:02","date_gmt":"2024-09-26T17:37:02","guid":{"rendered":"https:\/\/historiskforeninghbh.dk\/?page_id=208"},"modified":"2025-05-04T18:55:15","modified_gmt":"2025-05-04T18:55:15","slug":"madsens-stene","status":"publish","type":"page","link":"https:\/\/historiskforeninghbh.dk\/index.php\/madsens-stene\/","title":{"rendered":"Madsens stene"},"content":{"rendered":"\n<p>Fotos: Bent Gottfredsen<\/p>\n\n\n\n<figure class=\"wp-block-gallery has-nested-images columns-default is-cropped wp-block-gallery-1 is-layout-flex wp-block-gallery-is-layout-flex\">\n<figure class=\"wp-block-image size-large\"><img loading=\"lazy\" decoding=\"async\" width=\"600\" height=\"290\" data-id=\"229\" src=\"https:\/\/historiskforeninghbh.dk\/wp-content\/uploads\/2024\/09\/Madsens_stene_Bent_foto14_600.jpg\" alt=\"\" class=\"wp-image-229\" srcset=\"https:\/\/historiskforeninghbh.dk\/wp-content\/uploads\/2024\/09\/Madsens_stene_Bent_foto14_600.jpg 600w, https:\/\/historiskforeninghbh.dk\/wp-content\/uploads\/2024\/09\/Madsens_stene_Bent_foto14_600-300x145.jpg 300w\" sizes=\"auto, (max-width: 600px) 100vw, 600px\" \/><\/figure>\n\n\n\n<figure class=\"wp-block-image size-large\"><img loading=\"lazy\" decoding=\"async\" width=\"400\" height=\"415\" data-id=\"228\" src=\"https:\/\/historiskforeninghbh.dk\/wp-content\/uploads\/2024\/09\/Madsens_stene_Bent_foto13.jpg\" alt=\"\" class=\"wp-image-228\" srcset=\"https:\/\/historiskforeninghbh.dk\/wp-content\/uploads\/2024\/09\/Madsens_stene_Bent_foto13.jpg 400w, https:\/\/historiskforeninghbh.dk\/wp-content\/uploads\/2024\/09\/Madsens_stene_Bent_foto13-289x300.jpg 289w\" sizes=\"auto, (max-width: 400px) 100vw, 400px\" \/><\/figure>\n\n\n\n<figure class=\"wp-block-image size-large\"><img loading=\"lazy\" decoding=\"async\" width=\"400\" height=\"267\" data-id=\"227\" src=\"https:\/\/historiskforeninghbh.dk\/wp-content\/uploads\/2024\/09\/Madsens_stene_Bent_foto12.jpg\" alt=\"\" class=\"wp-image-227\" srcset=\"https:\/\/historiskforeninghbh.dk\/wp-content\/uploads\/2024\/09\/Madsens_stene_Bent_foto12.jpg 400w, https:\/\/historiskforeninghbh.dk\/wp-content\/uploads\/2024\/09\/Madsens_stene_Bent_foto12-300x200.jpg 300w\" sizes=\"auto, (max-width: 400px) 100vw, 400px\" \/><\/figure>\n\n\n\n<figure class=\"wp-block-image size-large\"><img loading=\"lazy\" decoding=\"async\" width=\"400\" height=\"245\" data-id=\"226\" src=\"https:\/\/historiskforeninghbh.dk\/wp-content\/uploads\/2024\/09\/Madsens_stene_Bent_foto11.jpg\" alt=\"\" class=\"wp-image-226\" srcset=\"https:\/\/historiskforeninghbh.dk\/wp-content\/uploads\/2024\/09\/Madsens_stene_Bent_foto11.jpg 400w, https:\/\/historiskforeninghbh.dk\/wp-content\/uploads\/2024\/09\/Madsens_stene_Bent_foto11-300x184.jpg 300w\" sizes=\"auto, (max-width: 400px) 100vw, 400px\" \/><\/figure>\n\n\n\n<figure class=\"wp-block-image size-large\"><img loading=\"lazy\" decoding=\"async\" width=\"600\" height=\"209\" data-id=\"224\" src=\"https:\/\/historiskforeninghbh.dk\/wp-content\/uploads\/2024\/09\/Madsens_stene_Bent_foto17_600.jpg\" alt=\"\" class=\"wp-image-224\" srcset=\"https:\/\/historiskforeninghbh.dk\/wp-content\/uploads\/2024\/09\/Madsens_stene_Bent_foto17_600.jpg 600w, https:\/\/historiskforeninghbh.dk\/wp-content\/uploads\/2024\/09\/Madsens_stene_Bent_foto17_600-300x105.jpg 300w\" sizes=\"auto, (max-width: 600px) 100vw, 600px\" \/><\/figure>\n\n\n\n<figure class=\"wp-block-image size-large\"><img loading=\"lazy\" decoding=\"async\" width=\"400\" height=\"282\" data-id=\"225\" src=\"https:\/\/historiskforeninghbh.dk\/wp-content\/uploads\/2024\/09\/Madsens_stene_Bent_foto18.jpg\" alt=\"\" class=\"wp-image-225\" srcset=\"https:\/\/historiskforeninghbh.dk\/wp-content\/uploads\/2024\/09\/Madsens_stene_Bent_foto18.jpg 400w, https:\/\/historiskforeninghbh.dk\/wp-content\/uploads\/2024\/09\/Madsens_stene_Bent_foto18-300x212.jpg 300w\" sizes=\"auto, (max-width: 400px) 100vw, 400px\" \/><\/figure>\n\n\n\n<figure class=\"wp-block-image size-large\"><img loading=\"lazy\" decoding=\"async\" width=\"400\" height=\"389\" data-id=\"223\" src=\"https:\/\/historiskforeninghbh.dk\/wp-content\/uploads\/2024\/09\/Madsens_stene_Bent_foto16.jpg\" alt=\"\" class=\"wp-image-223\" srcset=\"https:\/\/historiskforeninghbh.dk\/wp-content\/uploads\/2024\/09\/Madsens_stene_Bent_foto16.jpg 400w, https:\/\/historiskforeninghbh.dk\/wp-content\/uploads\/2024\/09\/Madsens_stene_Bent_foto16-300x292.jpg 300w\" sizes=\"auto, (max-width: 400px) 100vw, 400px\" \/><\/figure>\n\n\n\n<figure class=\"wp-block-image size-large\"><img loading=\"lazy\" decoding=\"async\" width=\"400\" height=\"396\" data-id=\"222\" src=\"https:\/\/historiskforeninghbh.dk\/wp-content\/uploads\/2024\/09\/Madsens_stene_Bent_foto15.jpg\" alt=\"\" class=\"wp-image-222\" srcset=\"https:\/\/historiskforeninghbh.dk\/wp-content\/uploads\/2024\/09\/Madsens_stene_Bent_foto15.jpg 400w, https:\/\/historiskforeninghbh.dk\/wp-content\/uploads\/2024\/09\/Madsens_stene_Bent_foto15-300x297.jpg 300w, https:\/\/historiskforeninghbh.dk\/wp-content\/uploads\/2024\/09\/Madsens_stene_Bent_foto15-150x150.jpg 150w\" sizes=\"auto, (max-width: 400px) 100vw, 400px\" \/><\/figure>\n\n\n\n<figure class=\"wp-block-image size-large\"><img loading=\"lazy\" decoding=\"async\" width=\"600\" height=\"315\" data-id=\"221\" src=\"https:\/\/historiskforeninghbh.dk\/wp-content\/uploads\/2024\/09\/Madsens_stene_Bent_foto2.jpg\" alt=\"\" class=\"wp-image-221\" srcset=\"https:\/\/historiskforeninghbh.dk\/wp-content\/uploads\/2024\/09\/Madsens_stene_Bent_foto2.jpg 600w, https:\/\/historiskforeninghbh.dk\/wp-content\/uploads\/2024\/09\/Madsens_stene_Bent_foto2-300x158.jpg 300w\" sizes=\"auto, (max-width: 600px) 100vw, 600px\" \/><\/figure>\n\n\n\n<figure class=\"wp-block-image size-large\"><img loading=\"lazy\" decoding=\"async\" width=\"400\" height=\"437\" data-id=\"220\" src=\"https:\/\/historiskforeninghbh.dk\/wp-content\/uploads\/2024\/09\/Madsens_stene_Bent_foto1.jpg\" alt=\"\" class=\"wp-image-220\" srcset=\"https:\/\/historiskforeninghbh.dk\/wp-content\/uploads\/2024\/09\/Madsens_stene_Bent_foto1.jpg 400w, https:\/\/historiskforeninghbh.dk\/wp-content\/uploads\/2024\/09\/Madsens_stene_Bent_foto1-275x300.jpg 275w\" sizes=\"auto, (max-width: 400px) 100vw, 400px\" \/><\/figure>\n\n\n\n<figure class=\"wp-block-image size-large\"><img loading=\"lazy\" decoding=\"async\" width=\"400\" height=\"414\" data-id=\"217\" src=\"https:\/\/historiskforeninghbh.dk\/wp-content\/uploads\/2024\/09\/Madsens_stene_Bent_foto10.jpg\" alt=\"\" class=\"wp-image-217\" srcset=\"https:\/\/historiskforeninghbh.dk\/wp-content\/uploads\/2024\/09\/Madsens_stene_Bent_foto10.jpg 400w, https:\/\/historiskforeninghbh.dk\/wp-content\/uploads\/2024\/09\/Madsens_stene_Bent_foto10-290x300.jpg 290w\" sizes=\"auto, (max-width: 400px) 100vw, 400px\" \/><\/figure>\n\n\n\n<figure class=\"wp-block-image size-large\"><img loading=\"lazy\" decoding=\"async\" width=\"400\" height=\"456\" data-id=\"216\" src=\"https:\/\/historiskforeninghbh.dk\/wp-content\/uploads\/2024\/09\/Madsens_stene_Bent_foto9.jpg\" alt=\"\" class=\"wp-image-216\" srcset=\"https:\/\/historiskforeninghbh.dk\/wp-content\/uploads\/2024\/09\/Madsens_stene_Bent_foto9.jpg 400w, https:\/\/historiskforeninghbh.dk\/wp-content\/uploads\/2024\/09\/Madsens_stene_Bent_foto9-263x300.jpg 263w\" sizes=\"auto, (max-width: 400px) 100vw, 400px\" \/><\/figure>\n\n\n\n<figure class=\"wp-block-image size-large\"><img loading=\"lazy\" decoding=\"async\" width=\"400\" height=\"274\" data-id=\"215\" src=\"https:\/\/historiskforeninghbh.dk\/wp-content\/uploads\/2024\/09\/Madsens_stene_Bent_foto8.jpg\" alt=\"\" class=\"wp-image-215\" srcset=\"https:\/\/historiskforeninghbh.dk\/wp-content\/uploads\/2024\/09\/Madsens_stene_Bent_foto8.jpg 400w, https:\/\/historiskforeninghbh.dk\/wp-content\/uploads\/2024\/09\/Madsens_stene_Bent_foto8-300x206.jpg 300w\" sizes=\"auto, (max-width: 400px) 100vw, 400px\" \/><\/figure>\n\n\n\n<figure class=\"wp-block-image size-large\"><img loading=\"lazy\" decoding=\"async\" width=\"600\" height=\"388\" data-id=\"214\" src=\"https:\/\/historiskforeninghbh.dk\/wp-content\/uploads\/2024\/09\/Madsens_stene_Bent_foto7_600.jpg\" alt=\"\" class=\"wp-image-214\" srcset=\"https:\/\/historiskforeninghbh.dk\/wp-content\/uploads\/2024\/09\/Madsens_stene_Bent_foto7_600.jpg 600w, https:\/\/historiskforeninghbh.dk\/wp-content\/uploads\/2024\/09\/Madsens_stene_Bent_foto7_600-300x194.jpg 300w\" sizes=\"auto, (max-width: 600px) 100vw, 600px\" \/><\/figure>\n\n\n\n<figure class=\"wp-block-image size-large\"><img loading=\"lazy\" decoding=\"async\" width=\"400\" height=\"326\" data-id=\"213\" src=\"https:\/\/historiskforeninghbh.dk\/wp-content\/uploads\/2024\/09\/Madsens_stene_Bent_foto6.jpg\" alt=\"\" class=\"wp-image-213\" srcset=\"https:\/\/historiskforeninghbh.dk\/wp-content\/uploads\/2024\/09\/Madsens_stene_Bent_foto6.jpg 400w, https:\/\/historiskforeninghbh.dk\/wp-content\/uploads\/2024\/09\/Madsens_stene_Bent_foto6-300x245.jpg 300w\" sizes=\"auto, (max-width: 400px) 100vw, 400px\" \/><\/figure>\n\n\n\n<figure class=\"wp-block-image size-large\"><img loading=\"lazy\" decoding=\"async\" width=\"600\" height=\"319\" data-id=\"211\" src=\"https:\/\/historiskforeninghbh.dk\/wp-content\/uploads\/2024\/09\/Madsens_stene_Bent_foto4_600-1.jpg\" alt=\"\" class=\"wp-image-211\" srcset=\"https:\/\/historiskforeninghbh.dk\/wp-content\/uploads\/2024\/09\/Madsens_stene_Bent_foto4_600-1.jpg 600w, https:\/\/historiskforeninghbh.dk\/wp-content\/uploads\/2024\/09\/Madsens_stene_Bent_foto4_600-1-300x160.jpg 300w\" sizes=\"auto, (max-width: 600px) 100vw, 600px\" \/><\/figure>\n\n\n\n<figure class=\"wp-block-image size-large\"><img loading=\"lazy\" decoding=\"async\" width=\"400\" height=\"397\" data-id=\"212\" src=\"https:\/\/historiskforeninghbh.dk\/wp-content\/uploads\/2024\/09\/Madsens_stene_Bent_foto5.jpg\" alt=\"\" class=\"wp-image-212\" srcset=\"https:\/\/historiskforeninghbh.dk\/wp-content\/uploads\/2024\/09\/Madsens_stene_Bent_foto5.jpg 400w, https:\/\/historiskforeninghbh.dk\/wp-content\/uploads\/2024\/09\/Madsens_stene_Bent_foto5-300x298.jpg 300w, https:\/\/historiskforeninghbh.dk\/wp-content\/uploads\/2024\/09\/Madsens_stene_Bent_foto5-150x150.jpg 150w\" sizes=\"auto, (max-width: 400px) 100vw, 400px\" \/><\/figure>\n\n\n\n<figure class=\"wp-block-image size-large\"><img loading=\"lazy\" decoding=\"async\" width=\"400\" height=\"346\" data-id=\"210\" src=\"https:\/\/historiskforeninghbh.dk\/wp-content\/uploads\/2024\/09\/Madsens_stene_Bent_foto3.jpg\" alt=\"\" class=\"wp-image-210\" srcset=\"https:\/\/historiskforeninghbh.dk\/wp-content\/uploads\/2024\/09\/Madsens_stene_Bent_foto3.jpg 400w, https:\/\/historiskforeninghbh.dk\/wp-content\/uploads\/2024\/09\/Madsens_stene_Bent_foto3-300x260.jpg 300w\" sizes=\"auto, (max-width: 400px) 100vw, 400px\" \/><\/figure>\n<\/figure>\n\n\n\n<p class=\"has-medium-font-size\">Marts 2020:   <strong>Madsens Stene er nu kommet p\u00e5 museum<\/strong><\/p>\n\n\n\n<p><strong><em>v. Bent Gottfredsen og Thomas Dam Bruun<\/em><\/strong><\/p>\n\n\n\n<p>Flittige l\u00e6sere af Lethrica vil vide alt om Madsens Stene fra mange tidligere omtaler i bladet, hvortil henvises. Bladene kan l\u00e6ses p\u00e5 foreningens hjemmeside, hvor der ogs\u00e5 ligger flere andre artikler om emnet samt fotos af EM\u00b4s stene. *)<\/p>\n\n\n\n<p>Den ultrakorte historie er:<br>Amat\u00f8rark\u00e6olog Erik Madsen fandt i 1960\u00b4erne ved Ejby Bro neden for kystskr\u00e6nten nogle meget primitivt tilhuggede stenredskaber, som han mente m\u00e5tte stamme fra sidste mellemistid &#8211; Eemtiden.<br>F\u00f8rende udenlandske eksperter var enige med ham deri, men sagde danske forskere, det kunne jo ogs\u00e5 bare v\u00e6re nogle ringe arbejder fra nyere tid, der var styrtet ned fra de \u00f8verste lag.<br>Dav\u00e6rende rigsantikvar P V Glob var meget interesseret, og han anbefalede derfor en ans\u00f8gning til Statens Humanistiske Forskningsr\u00e5d, der bevilligede Erik Madsen midler til en unders\u00f8gelse i skr\u00e6nten. Han lavede derefter to udgravninger og flere s\u00f8gegr\u00f8fter i denne. Her kom han ned til en gammel strandbred, hvor han \u201din situ\u201d fandt tre tilsvarende bearbejdede sten.<br><strong>&nbsp;<\/strong>Geologerne daterede strandbredden p\u00e5 baggrund af muslingeskaller til Eemtiden dvs. for ca. 120 000 \u00e5r siden. Madsen mente derfor, at det var neandertalernes redskaber, han havde fundet.<br>&nbsp;P V Glob skrev herom i sin bog Danmarks Oldtid, at Madsens fund \u201dledte tanken hen p\u00e5 tilsvarende engelske fund, der var 400 000 \u00e5r gamle\u201d. Det var i \u00f8vrigt ca. 300 000 \u00e5r for meget.<br>Nationalmuseet ville dog stadig ikke anerkende Madsens fund. Trods dette sk\u00e6nkede Madsen sine sten, der m\u00e5ske er Danmarks \u00e6ldste menneskeskabte genstande til museet. Efterf\u00f8lgende \u00f8nskede museet at skille sig af med Madsens samling, selv om Glob anbefalede, at man beholdt dem \u2013 \u201dde beviste alligevel ikke noget\u201d &#8211; undtaget dog de tre sten, der var fundet \u201din situ\u201d. &nbsp;Et vigtigt argument var, at neandertalerne ikke havde v\u00e6ret s\u00e5 langt nordp\u00e5. Senere er de p\u00e5vist i Varggrottan i Finland &#8211; men herom er der ogs\u00e5 uenighed.<br>Takket v\u00e6re en behjertet museumsinspekt\u00f8r kom Madsens Stene s\u00e5 p\u00e5 Bramsn\u00e6s Museum og Arkiv. Herfra endte de ved museets oph\u00f8r hos Bramsn\u00e6s Lokalhistoriske Forening \u2013 BLF.<br>De tre sten, der forblev p\u00e5 Nationalmuseet er efterf\u00f8lgende bortkommet. De kan have v\u00e6ret udl\u00e5nt til en udstilling p\u00e5 Geologisk Museum. Lejre-Ak\u00e6ologiske forening pr\u00f8ver at unders\u00f8ge dette spor n\u00e6rmere.<br>Det er ogs\u00e5 omdiskuteret, om de tre in situ sten er menneskeskabte eller ej. Derfor ville det v\u00e6re af stor v\u00e6rdi, hvis de kunne findes og unders\u00f8ges p\u00e5 ny. Nationalmuseets\/ark\u00e6ologernes skepsis har irriteret geologerne. Derfor gen\u00e5bnede RUC ved geolog Niels Schr\u00f8der Madsens udgravning og foretog en moderne datering ved pollenanalyser og luminescensm\u00e5ling. Denne bekr\u00e6ftede dateringen til Eemtiden. Da blottede lag fra Eemtiden er s\u00e6rdeles sj\u00e6ldne, ans\u00e5 de det for s\u00f8gt, at de mange primitivt udformede nedstyrtede sten lige neden under dette lag ikke skulle stamme herfra.<strong><br><\/strong>Den gamle strandbred er st\u00e6rkt vandf\u00f8rende. Den ses tydeligt i form af bevoksning af tagr\u00f8r i flere meters h\u00f8jde over kote nul.<br>Madsens Stene er i de seneste mange \u00e5r blevet opbevaret af BLF i foreningens lokaler p\u00e5 Kirke Hyllinge Bibliotek. Nu har ROMU (Roskilde Museum) imidlertid \u00f8nsket at f\u00e5 den del af samlingen, der stammer fra dets arbejdsomr\u00e5de indleveret<strong>.<\/strong><br>Derfor har Lejre-Ark\u00e6ologiske Forening sorteret de sten fra, som ROMU gerne vil modtage og indleveret dem til museet.<br>Det er p\u00e5 den ene side meget positivt og absolut p\u00e5 tide, at den lokale del af samlingen kommer i museets varet\u00e6gt. P\u00e5 den anden side, er det ikke tiltalende, at samlingen opdeles.<br>Lejre-Ark\u00e6ologiske Forening har i \u00f8vrigt opsporet Erik Madsens ark\u00e6ologiske dagb\u00f8ger, som de finder meget interessante, da de kan v\u00e6re med til at kaste lys over de enkelte flintfund.<br>Vi gl\u00e6der os over ROMU\u00b4s interesse. Den g\u00e5r endda s\u00e5 vidt, at man gerne sammen med Nationalmuseet vil foretage en ny udgravning p\u00e5 stedet, hvis de forn\u00f8dne midler kan rejses, og den forn\u00f8dne dispensation fra naturfredningen af skr\u00e6nten kan opn\u00e5s.<\/p>\n\n\n\n<p>*) Oktober 2010, april 2011 og april 2013<\/p>\n\n\n<div class=\"wp-block-image\">\n<figure class=\"aligncenter size-full\"><img loading=\"lazy\" decoding=\"async\" width=\"800\" height=\"510\" src=\"https:\/\/historiskforeninghbh.dk\/wp-content\/uploads\/2024\/09\/DSC08906_ny.jpg\" alt=\"\" class=\"wp-image-219\" srcset=\"https:\/\/historiskforeninghbh.dk\/wp-content\/uploads\/2024\/09\/DSC08906_ny.jpg 800w, https:\/\/historiskforeninghbh.dk\/wp-content\/uploads\/2024\/09\/DSC08906_ny-300x191.jpg 300w, https:\/\/historiskforeninghbh.dk\/wp-content\/uploads\/2024\/09\/DSC08906_ny-768x490.jpg 768w\" sizes=\"auto, (max-width: 800px) 100vw, 800px\" \/><figcaption class=\"wp-element-caption\">Madsens Stene pakkes ud og sorteres. Personerne er formand for Lejre Ark\u00e6ologiske Forening Thomas Brunn, Professor og ark\u00e6olog Poul Erik Lindelov, geolog Niels Schr\u00f8der og foreningens n\u00e6stformand Lynge Hansen. Den nysgerrige tilskuer er Bent Gottfredsen<\/figcaption><\/figure>\n<\/div>\n\n<div class=\"wp-block-image\">\n<figure class=\"aligncenter size-full\"><img loading=\"lazy\" decoding=\"async\" width=\"800\" height=\"522\" src=\"https:\/\/historiskforeninghbh.dk\/wp-content\/uploads\/2024\/09\/DSC08903_ny.jpg\" alt=\"\" class=\"wp-image-218\" srcset=\"https:\/\/historiskforeninghbh.dk\/wp-content\/uploads\/2024\/09\/DSC08903_ny.jpg 800w, https:\/\/historiskforeninghbh.dk\/wp-content\/uploads\/2024\/09\/DSC08903_ny-300x196.jpg 300w, https:\/\/historiskforeninghbh.dk\/wp-content\/uploads\/2024\/09\/DSC08903_ny-768x501.jpg 768w\" sizes=\"auto, (max-width: 800px) 100vw, 800px\" \/><figcaption class=\"wp-element-caption\">Lokale sten<\/figcaption><\/figure>\n<\/div>\n\n\n<p><\/p>\n\n\n\n<p class=\"has-black-color has-text-color has-link-color wp-elements-ecf2a38ecd572c973bfcd270dfc69ff0\"><strong>Erik Madsens artikel fra 29. april 1968:<\/strong><br>En ark\u00e6ologisk-geologisk unders\u00f8gelse af klinten ved Ejby Bro, Isefjord<br>(Meddelelse Dansk Geologisk Forening K\u00f8benhavn, Bind 18, 1968)<br><a href=\"https:\/\/historiskforeninghbh.dk\/wp-content\/uploads\/2024\/09\/Erik-Madsen-artikel.pdf\">Erik-Madsen-artikel.pdf<\/a><\/p>\n\n\n\n<p><strong>Til Eemgruppen RUC 5. marts 1999 fra museumsinspekt\u00f8r Peter Vang-Petersen, Nationalmuseet<\/strong><br><a href=\"https:\/\/historiskforeninghbh.dk\/wp-content\/uploads\/2024\/09\/Til-Eemgruppen-RUC.pdf\">Eemgruppen_RUC.pdf<\/a><\/p>\n\n\n\n<p><strong>Spor af fladpander i Danmark eller ark\u00e6ologiens flyvende tallerkener?<\/strong><br>Af Niels Schr\u00f8der, RUC, i Ark\u00e6ologi for alle 2, maj 2000<br><a href=\"https:\/\/historiskforeninghbh.dk\/wp-content\/uploads\/2024\/09\/2013_Spor_af_fladpander.pdf\">Spor af fladpander, artikel af Niels Schr\u00f8der<\/a><\/p>\n\n\n\n<p><strong>Ark\u00e6ologisk sandsynlighedsregning af J\u00f8rgen Holm, 24. november 2016<\/strong><br><a href=\"https:\/\/historiskforeninghbh.dk\/wp-content\/uploads\/2024\/09\/Arkaeologisk-sandsynlighedsregning-1.pdf\">Arkaeologisk_sandsynlighedsregning.pdf<\/a><\/p>\n\n\n\n<p><\/p>\n","protected":false},"excerpt":{"rendered":"<p>Fotos: Bent Gottfredsen Marts 2020: Madsens Stene er nu kommet p\u00e5 museum v. Bent Gottfredsen og Thomas Dam Bruun Flittige l\u00e6sere af Lethrica vil vide&hellip;<\/p>\n","protected":false},"author":1,"featured_media":0,"parent":0,"menu_order":0,"comment_status":"closed","ping_status":"closed","template":"","meta":{"footnotes":""},"class_list":["post-208","page","type-page","status-publish","hentry"],"_links":{"self":[{"href":"https:\/\/historiskforeninghbh.dk\/index.php\/wp-json\/wp\/v2\/pages\/208","targetHints":{"allow":["GET"]}}],"collection":[{"href":"https:\/\/historiskforeninghbh.dk\/index.php\/wp-json\/wp\/v2\/pages"}],"about":[{"href":"https:\/\/historiskforeninghbh.dk\/index.php\/wp-json\/wp\/v2\/types\/page"}],"author":[{"embeddable":true,"href":"https:\/\/historiskforeninghbh.dk\/index.php\/wp-json\/wp\/v2\/users\/1"}],"replies":[{"embeddable":true,"href":"https:\/\/historiskforeninghbh.dk\/index.php\/wp-json\/wp\/v2\/comments?post=208"}],"version-history":[{"count":15,"href":"https:\/\/historiskforeninghbh.dk\/index.php\/wp-json\/wp\/v2\/pages\/208\/revisions"}],"predecessor-version":[{"id":711,"href":"https:\/\/historiskforeninghbh.dk\/index.php\/wp-json\/wp\/v2\/pages\/208\/revisions\/711"}],"wp:attachment":[{"href":"https:\/\/historiskforeninghbh.dk\/index.php\/wp-json\/wp\/v2\/media?parent=208"}],"curies":[{"name":"wp","href":"https:\/\/api.w.org\/{rel}","templated":true}]}}