{"id":156,"date":"2024-09-26T17:36:05","date_gmt":"2024-09-26T17:36:05","guid":{"rendered":"https:\/\/historiskforeninghbh.dk\/?page_id=156"},"modified":"2024-09-26T17:58:35","modified_gmt":"2024-09-26T17:58:35","slug":"landsbyer-mv-fra-luften-tidligere-bramsnaes-og-hvalsoe-kommuner","status":"publish","type":"page","link":"https:\/\/historiskforeninghbh.dk\/index.php\/landsbyer-mv-fra-luften-tidligere-bramsnaes-og-hvalsoe-kommuner\/","title":{"rendered":"Landsbyer mv. fra luften"},"content":{"rendered":"\n<p>Fire luftfotos fra den tidligere Bramsn\u00e6s Kommune og 13 fra den tidligere Hvals\u00f8 Kommune.<br>I forbindelse med projektet \u201cDet historiske landskab \u2013 museet uden v\u00e6gge\u201d i Lejre har de historiske foreninger i Lejre, Hvals\u00f8 og Bramsn\u00e6s f\u00e5et udarbejdet\u00a0en CD med 33 udsnit, fortrinsvis fra landsbyerne. Projektet er fra midten af 90\u00b4erne, og initiativtager var J\u00f8rgen Olsen.<\/p>\n\n\n<div class=\"wp-block-image\">\n<figure class=\"aligncenter size-full\"><img loading=\"lazy\" decoding=\"async\" width=\"600\" height=\"849\" src=\"https:\/\/historiskforeninghbh.dk\/wp-content\/uploads\/2024\/09\/Bramsnaes_udsnit_600.jpg\" alt=\"\" class=\"wp-image-174\" srcset=\"https:\/\/historiskforeninghbh.dk\/wp-content\/uploads\/2024\/09\/Bramsnaes_udsnit_600.jpg 600w, https:\/\/historiskforeninghbh.dk\/wp-content\/uploads\/2024\/09\/Bramsnaes_udsnit_600-212x300.jpg 212w\" sizes=\"auto, (max-width: 600px) 100vw, 600px\" \/><figcaption class=\"wp-element-caption\">Bramsn\u00e6s, udsnit<\/figcaption><\/figure>\n<\/div>\n\n<div class=\"wp-block-image\">\n<figure class=\"aligncenter size-full\"><img loading=\"lazy\" decoding=\"async\" width=\"600\" height=\"849\" src=\"https:\/\/historiskforeninghbh.dk\/wp-content\/uploads\/2024\/09\/Kyndeloese_Biltris_Kirke-Hyllinge_600.jpg\" alt=\"\" class=\"wp-image-175\" srcset=\"https:\/\/historiskforeninghbh.dk\/wp-content\/uploads\/2024\/09\/Kyndeloese_Biltris_Kirke-Hyllinge_600.jpg 600w, https:\/\/historiskforeninghbh.dk\/wp-content\/uploads\/2024\/09\/Kyndeloese_Biltris_Kirke-Hyllinge_600-212x300.jpg 212w\" sizes=\"auto, (max-width: 600px) 100vw, 600px\" \/><figcaption class=\"wp-element-caption\">Kyndel\u00f8se-Biltris-Kirke Hyllinge<\/figcaption><\/figure>\n<\/div>\n\n<div class=\"wp-block-image\">\n<figure class=\"aligncenter size-full\"><img loading=\"lazy\" decoding=\"async\" width=\"800\" height=\"566\" src=\"https:\/\/historiskforeninghbh.dk\/wp-content\/uploads\/2024\/09\/Saeby_Gershoej_Biltris_800.jpg\" alt=\"\" class=\"wp-image-176\" srcset=\"https:\/\/historiskforeninghbh.dk\/wp-content\/uploads\/2024\/09\/Saeby_Gershoej_Biltris_800.jpg 800w, https:\/\/historiskforeninghbh.dk\/wp-content\/uploads\/2024\/09\/Saeby_Gershoej_Biltris_800-300x212.jpg 300w, https:\/\/historiskforeninghbh.dk\/wp-content\/uploads\/2024\/09\/Saeby_Gershoej_Biltris_800-768x543.jpg 768w\" sizes=\"auto, (max-width: 800px) 100vw, 800px\" \/><figcaption class=\"wp-element-caption\">S\u00e6by-Gersh\u00f8j-Biltris<\/figcaption><\/figure>\n<\/div>\n\n<div class=\"wp-block-image\">\n<figure class=\"aligncenter size-full\"><img loading=\"lazy\" decoding=\"async\" width=\"600\" height=\"849\" src=\"https:\/\/historiskforeninghbh.dk\/wp-content\/uploads\/2024\/09\/Uglestrup_Lyndby_Karleby_600.jpg\" alt=\"\" class=\"wp-image-177\" srcset=\"https:\/\/historiskforeninghbh.dk\/wp-content\/uploads\/2024\/09\/Uglestrup_Lyndby_Karleby_600.jpg 600w, https:\/\/historiskforeninghbh.dk\/wp-content\/uploads\/2024\/09\/Uglestrup_Lyndby_Karleby_600-212x300.jpg 212w\" sizes=\"auto, (max-width: 600px) 100vw, 600px\" \/><figcaption class=\"wp-element-caption\">Uglestrup-Lyndby-Karleby<\/figcaption><\/figure>\n<\/div>\n\n<div class=\"wp-block-image\">\n<figure class=\"aligncenter size-full\"><img loading=\"lazy\" decoding=\"async\" width=\"600\" height=\"690\" src=\"https:\/\/historiskforeninghbh.dk\/wp-content\/uploads\/2024\/09\/Oversigt-Bramsnaes_600.jpg\" alt=\"\" class=\"wp-image-178\" srcset=\"https:\/\/historiskforeninghbh.dk\/wp-content\/uploads\/2024\/09\/Oversigt-Bramsnaes_600.jpg 600w, https:\/\/historiskforeninghbh.dk\/wp-content\/uploads\/2024\/09\/Oversigt-Bramsnaes_600-261x300.jpg 261w\" sizes=\"auto, (max-width: 600px) 100vw, 600px\" \/><figcaption class=\"wp-element-caption\">Oversigtskort<\/figcaption><\/figure>\n<\/div>\n\n<div class=\"wp-block-image\">\n<figure class=\"aligncenter size-full\"><img loading=\"lazy\" decoding=\"async\" width=\"800\" height=\"565\" src=\"https:\/\/historiskforeninghbh.dk\/wp-content\/uploads\/2024\/09\/Abbetved_800.jpg\" alt=\"\" class=\"wp-image-168\" srcset=\"https:\/\/historiskforeninghbh.dk\/wp-content\/uploads\/2024\/09\/Abbetved_800.jpg 800w, https:\/\/historiskforeninghbh.dk\/wp-content\/uploads\/2024\/09\/Abbetved_800-300x212.jpg 300w, https:\/\/historiskforeninghbh.dk\/wp-content\/uploads\/2024\/09\/Abbetved_800-768x542.jpg 768w\" sizes=\"auto, (max-width: 800px) 100vw, 800px\" \/><figcaption class=\"wp-element-caption\">Abbetved<\/figcaption><\/figure>\n<\/div>\n\n<div class=\"wp-block-image\">\n<figure class=\"aligncenter size-full\"><img loading=\"lazy\" decoding=\"async\" width=\"595\" height=\"842\" src=\"https:\/\/historiskforeninghbh.dk\/wp-content\/uploads\/2024\/09\/Avnstrup.jpg\" alt=\"\" class=\"wp-image-169\" srcset=\"https:\/\/historiskforeninghbh.dk\/wp-content\/uploads\/2024\/09\/Avnstrup.jpg 595w, https:\/\/historiskforeninghbh.dk\/wp-content\/uploads\/2024\/09\/Avnstrup-212x300.jpg 212w\" sizes=\"auto, (max-width: 595px) 100vw, 595px\" \/><figcaption class=\"wp-element-caption\">Avnstrup<\/figcaption><\/figure>\n<\/div>\n\n<div class=\"wp-block-image\">\n<figure class=\"aligncenter size-full\"><img loading=\"lazy\" decoding=\"async\" width=\"600\" height=\"849\" src=\"https:\/\/historiskforeninghbh.dk\/wp-content\/uploads\/2024\/09\/Hvalsoe_600.jpg\" alt=\"\" class=\"wp-image-170\" srcset=\"https:\/\/historiskforeninghbh.dk\/wp-content\/uploads\/2024\/09\/Hvalsoe_600.jpg 600w, https:\/\/historiskforeninghbh.dk\/wp-content\/uploads\/2024\/09\/Hvalsoe_600-212x300.jpg 212w\" sizes=\"auto, (max-width: 600px) 100vw, 600px\" \/><figcaption class=\"wp-element-caption\">Hvals\u00f8<\/figcaption><\/figure>\n<\/div>\n\n<div class=\"wp-block-image\">\n<figure class=\"aligncenter size-large\"><img decoding=\"async\" src=\"https:\/\/historiskforeninghbh.dk\/wp-content\/uploads\/2024\/09\/Kirke_Saaby_550.jpg\" alt=\"\"\/><figcaption class=\"wp-element-caption\">Kirke S\u00e5by<\/figcaption><\/figure>\n<\/div>\n\n<div class=\"wp-block-image\">\n<figure class=\"aligncenter size-full\"><img loading=\"lazy\" decoding=\"async\" width=\"800\" height=\"565\" src=\"https:\/\/historiskforeninghbh.dk\/wp-content\/uploads\/2024\/09\/Kisserup_800.jpg\" alt=\"\" class=\"wp-image-159\" srcset=\"https:\/\/historiskforeninghbh.dk\/wp-content\/uploads\/2024\/09\/Kisserup_800.jpg 800w, https:\/\/historiskforeninghbh.dk\/wp-content\/uploads\/2024\/09\/Kisserup_800-300x212.jpg 300w, https:\/\/historiskforeninghbh.dk\/wp-content\/uploads\/2024\/09\/Kisserup_800-768x542.jpg 768w\" sizes=\"auto, (max-width: 800px) 100vw, 800px\" \/><figcaption class=\"wp-element-caption\">Kisserup<\/figcaption><\/figure>\n<\/div>\n\n<div class=\"wp-block-image\">\n<figure class=\"aligncenter size-full\"><img loading=\"lazy\" decoding=\"async\" width=\"800\" height=\"565\" src=\"https:\/\/historiskforeninghbh.dk\/wp-content\/uploads\/2024\/09\/Skov-Hastrup_Saerloese_800.jpg\" alt=\"\" class=\"wp-image-162\" srcset=\"https:\/\/historiskforeninghbh.dk\/wp-content\/uploads\/2024\/09\/Skov-Hastrup_Saerloese_800.jpg 800w, https:\/\/historiskforeninghbh.dk\/wp-content\/uploads\/2024\/09\/Skov-Hastrup_Saerloese_800-300x212.jpg 300w, https:\/\/historiskforeninghbh.dk\/wp-content\/uploads\/2024\/09\/Skov-Hastrup_Saerloese_800-768x542.jpg 768w\" sizes=\"auto, (max-width: 800px) 100vw, 800px\" \/><figcaption class=\"wp-element-caption\">Skov Hastrup og S\u00e6rl\u00f8se<\/figcaption><\/figure>\n<\/div>\n\n<div class=\"wp-block-image\">\n<figure class=\"aligncenter size-full\"><img loading=\"lazy\" decoding=\"async\" width=\"550\" height=\"778\" src=\"https:\/\/historiskforeninghbh.dk\/wp-content\/uploads\/2024\/09\/Skov_syd_for_Hvalsoe-550.jpg\" alt=\"\" class=\"wp-image-161\" srcset=\"https:\/\/historiskforeninghbh.dk\/wp-content\/uploads\/2024\/09\/Skov_syd_for_Hvalsoe-550.jpg 550w, https:\/\/historiskforeninghbh.dk\/wp-content\/uploads\/2024\/09\/Skov_syd_for_Hvalsoe-550-212x300.jpg 212w\" sizes=\"auto, (max-width: 550px) 100vw, 550px\" \/><figcaption class=\"wp-element-caption\">Skov syd for Hvals\u00f8<\/figcaption><\/figure>\n<\/div>\n\n<div class=\"wp-block-image\">\n<figure class=\"aligncenter size-full\"><img loading=\"lazy\" decoding=\"async\" width=\"800\" height=\"565\" src=\"https:\/\/historiskforeninghbh.dk\/wp-content\/uploads\/2024\/09\/Skullerupholm-Hgd_800.jpg\" alt=\"\" class=\"wp-image-163\" srcset=\"https:\/\/historiskforeninghbh.dk\/wp-content\/uploads\/2024\/09\/Skullerupholm-Hgd_800.jpg 800w, https:\/\/historiskforeninghbh.dk\/wp-content\/uploads\/2024\/09\/Skullerupholm-Hgd_800-300x212.jpg 300w, https:\/\/historiskforeninghbh.dk\/wp-content\/uploads\/2024\/09\/Skullerupholm-Hgd_800-768x542.jpg 768w\" sizes=\"auto, (max-width: 800px) 100vw, 800px\" \/><figcaption class=\"wp-element-caption\">Skullerupholm-Hgd<\/figcaption><\/figure>\n<\/div>\n\n<div class=\"wp-block-image\">\n<figure class=\"aligncenter size-full\"><img loading=\"lazy\" decoding=\"async\" width=\"800\" height=\"565\" src=\"https:\/\/historiskforeninghbh.dk\/wp-content\/uploads\/2024\/09\/Sonnerupgaard-Hgd_800.jpg\" alt=\"\" class=\"wp-image-164\" srcset=\"https:\/\/historiskforeninghbh.dk\/wp-content\/uploads\/2024\/09\/Sonnerupgaard-Hgd_800.jpg 800w, https:\/\/historiskforeninghbh.dk\/wp-content\/uploads\/2024\/09\/Sonnerupgaard-Hgd_800-300x212.jpg 300w, https:\/\/historiskforeninghbh.dk\/wp-content\/uploads\/2024\/09\/Sonnerupgaard-Hgd_800-768x542.jpg 768w\" sizes=\"auto, (max-width: 800px) 100vw, 800px\" \/><figcaption class=\"wp-element-caption\">Sonnerupgaard &#8211; Hgd<\/figcaption><\/figure>\n<\/div>\n\n<div class=\"wp-block-image\">\n<figure class=\"aligncenter size-full\"><img loading=\"lazy\" decoding=\"async\" width=\"595\" height=\"842\" src=\"https:\/\/historiskforeninghbh.dk\/wp-content\/uploads\/2024\/09\/Ny_Tolstrup_Tolstrup.jpg\" alt=\"\" class=\"wp-image-160\" srcset=\"https:\/\/historiskforeninghbh.dk\/wp-content\/uploads\/2024\/09\/Ny_Tolstrup_Tolstrup.jpg 595w, https:\/\/historiskforeninghbh.dk\/wp-content\/uploads\/2024\/09\/Ny_Tolstrup_Tolstrup-212x300.jpg 212w\" sizes=\"auto, (max-width: 595px) 100vw, 595px\" \/><figcaption class=\"wp-element-caption\">Ny Tolstrup og Tolstrup<\/figcaption><\/figure>\n<\/div>\n\n<div class=\"wp-block-image\">\n<figure class=\"aligncenter size-full\"><img loading=\"lazy\" decoding=\"async\" width=\"800\" height=\"565\" src=\"https:\/\/historiskforeninghbh.dk\/wp-content\/uploads\/2024\/09\/Torkilstrup_800.jpg\" alt=\"\" class=\"wp-image-165\" srcset=\"https:\/\/historiskforeninghbh.dk\/wp-content\/uploads\/2024\/09\/Torkilstrup_800.jpg 800w, https:\/\/historiskforeninghbh.dk\/wp-content\/uploads\/2024\/09\/Torkilstrup_800-300x212.jpg 300w, https:\/\/historiskforeninghbh.dk\/wp-content\/uploads\/2024\/09\/Torkilstrup_800-768x542.jpg 768w\" sizes=\"auto, (max-width: 800px) 100vw, 800px\" \/><figcaption class=\"wp-element-caption\">Torkilstrup<\/figcaption><\/figure>\n<\/div>\n\n<div class=\"wp-block-image\">\n<figure class=\"aligncenter size-full\"><img loading=\"lazy\" decoding=\"async\" width=\"595\" height=\"842\" src=\"https:\/\/historiskforeninghbh.dk\/wp-content\/uploads\/2024\/09\/Vester_Saaby.jpg\" alt=\"\" class=\"wp-image-166\" srcset=\"https:\/\/historiskforeninghbh.dk\/wp-content\/uploads\/2024\/09\/Vester_Saaby.jpg 595w, https:\/\/historiskforeninghbh.dk\/wp-content\/uploads\/2024\/09\/Vester_Saaby-212x300.jpg 212w\" sizes=\"auto, (max-width: 595px) 100vw, 595px\" \/><figcaption class=\"wp-element-caption\">Vester S\u00e5by<\/figcaption><\/figure>\n<\/div>\n\n\n<p><\/p>\n\n\n<div class=\"wp-block-image\">\n<figure class=\"aligncenter size-full\"><img loading=\"lazy\" decoding=\"async\" width=\"595\" height=\"842\" src=\"https:\/\/historiskforeninghbh.dk\/wp-content\/uploads\/2024\/09\/Aastrup-Hgd_Tadre-Moelle.jpg\" alt=\"\" class=\"wp-image-167\" srcset=\"https:\/\/historiskforeninghbh.dk\/wp-content\/uploads\/2024\/09\/Aastrup-Hgd_Tadre-Moelle.jpg 595w, https:\/\/historiskforeninghbh.dk\/wp-content\/uploads\/2024\/09\/Aastrup-Hgd_Tadre-Moelle-212x300.jpg 212w\" sizes=\"auto, (max-width: 595px) 100vw, 595px\" \/><figcaption class=\"wp-element-caption\">Aastrup &#8211; Tadre M\u00f8lle<\/figcaption><\/figure>\n<\/div>\n\n<div class=\"wp-block-image\">\n<figure class=\"aligncenter size-large\"><img loading=\"lazy\" decoding=\"async\" width=\"598\" height=\"1024\" src=\"https:\/\/historiskforeninghbh.dk\/wp-content\/uploads\/2024\/09\/Oversigt-Hvalsoe_600-598x1024.jpg\" alt=\"\" class=\"wp-image-173\" srcset=\"https:\/\/historiskforeninghbh.dk\/wp-content\/uploads\/2024\/09\/Oversigt-Hvalsoe_600-598x1024.jpg 598w, https:\/\/historiskforeninghbh.dk\/wp-content\/uploads\/2024\/09\/Oversigt-Hvalsoe_600-175x300.jpg 175w, https:\/\/historiskforeninghbh.dk\/wp-content\/uploads\/2024\/09\/Oversigt-Hvalsoe_600.jpg 600w\" sizes=\"auto, (max-width: 598px) 100vw, 598px\" \/><figcaption class=\"wp-element-caption\">Oversigtskort<\/figcaption><\/figure>\n<\/div>\n\n\n<p><\/p>\n","protected":false},"excerpt":{"rendered":"<p>Fire luftfotos fra den tidligere Bramsn\u00e6s Kommune og 13 fra den tidligere Hvals\u00f8 Kommune.I forbindelse med projektet \u201cDet historiske landskab \u2013 museet uden v\u00e6gge\u201d i&hellip;<\/p>\n","protected":false},"author":1,"featured_media":0,"parent":0,"menu_order":0,"comment_status":"closed","ping_status":"closed","template":"","meta":{"footnotes":""},"class_list":["post-156","page","type-page","status-publish","hentry"],"_links":{"self":[{"href":"https:\/\/historiskforeninghbh.dk\/index.php\/wp-json\/wp\/v2\/pages\/156","targetHints":{"allow":["GET"]}}],"collection":[{"href":"https:\/\/historiskforeninghbh.dk\/index.php\/wp-json\/wp\/v2\/pages"}],"about":[{"href":"https:\/\/historiskforeninghbh.dk\/index.php\/wp-json\/wp\/v2\/types\/page"}],"author":[{"embeddable":true,"href":"https:\/\/historiskforeninghbh.dk\/index.php\/wp-json\/wp\/v2\/users\/1"}],"replies":[{"embeddable":true,"href":"https:\/\/historiskforeninghbh.dk\/index.php\/wp-json\/wp\/v2\/comments?post=156"}],"version-history":[{"count":9,"href":"https:\/\/historiskforeninghbh.dk\/index.php\/wp-json\/wp\/v2\/pages\/156\/revisions"}],"predecessor-version":[{"id":400,"href":"https:\/\/historiskforeninghbh.dk\/index.php\/wp-json\/wp\/v2\/pages\/156\/revisions\/400"}],"wp:attachment":[{"href":"https:\/\/historiskforeninghbh.dk\/index.php\/wp-json\/wp\/v2\/media?parent=156"}],"curies":[{"name":"wp","href":"https:\/\/api.w.org\/{rel}","templated":true}]}}