{"id":124,"date":"2024-09-26T17:30:38","date_gmt":"2024-09-26T17:30:38","guid":{"rendered":"https:\/\/historiskforeninghbh.dk\/?page_id=124"},"modified":"2026-01-24T16:27:54","modified_gmt":"2026-01-24T16:27:54","slug":"bestyrelsen","status":"publish","type":"page","link":"https:\/\/historiskforeninghbh.dk\/index.php\/bestyrelsen\/","title":{"rendered":"Bestyrelsen og udvalg"},"content":{"rendered":"\n<p>Bestyrelsen best\u00e5r af syv medlemmer, der v\u00e6lges for to \u00e5r ad gangen p\u00e5 den ordin\u00e6re generalforsamling. Desuden v\u00e6lges en suppleant for \u00e9t \u00e5r.<br>Bestyrelsen konstituerer sig selv.<\/p>\n\n\n\n<figure class=\"wp-block-image size-large\"><img decoding=\"async\" src=\"https:\/\/historiskforeninghbh.dk\/wp-content\/uploads\/2024\/09\/Bjarne_Holm_120.jpg\" alt=\"\"\/><figcaption class=\"wp-element-caption\">Bjarne Holm, formand<\/figcaption><\/figure>\n\n\n\n<figure class=\"wp-block-image size-full\"><img loading=\"lazy\" decoding=\"async\" width=\"120\" height=\"163\" src=\"https:\/\/historiskforeninghbh.dk\/wp-content\/uploads\/2025\/11\/Thyra2025_120web.jpg\" alt=\"\" class=\"wp-image-888\"\/><figcaption class=\"wp-element-caption\">Thyra Johannesen, n\u00e6stformand, webmaster<\/figcaption><\/figure>\n\n\n\n<figure class=\"wp-block-image size-full\"><img loading=\"lazy\" decoding=\"async\" width=\"120\" height=\"162\" src=\"https:\/\/historiskforeninghbh.dk\/wp-content\/uploads\/2024\/09\/Irene_120-1.jpg\" alt=\"\" class=\"wp-image-199\"\/><figcaption class=\"wp-element-caption\">Irene Petersen, kasserer<\/figcaption><\/figure>\n\n\n\n<figure class=\"wp-block-image size-large\"><img decoding=\"async\" src=\"https:\/\/historiskforeninghbh.dk\/wp-content\/uploads\/2024\/09\/Benedikte_120.jpg\" alt=\"\"\/><figcaption class=\"wp-element-caption\">Benedikte Kj\u00f8rboe, sekret\u00e6r, bogansvarlig<\/figcaption><\/figure>\n\n\n\n<figure class=\"wp-block-image size-full\"><img loading=\"lazy\" decoding=\"async\" width=\"120\" height=\"173\" src=\"https:\/\/historiskforeninghbh.dk\/wp-content\/uploads\/2024\/09\/ole_120.jpg\" alt=\"\" class=\"wp-image-121\"\/><figcaption class=\"wp-element-caption\">Ole Knudsen, bestyrelsesmedlem<\/figcaption><\/figure>\n\n\n\n<figure class=\"wp-block-image size-full\"><img loading=\"lazy\" decoding=\"async\" width=\"120\" height=\"160\" src=\"https:\/\/historiskforeninghbh.dk\/wp-content\/uploads\/2024\/09\/Karin_120_web.jpg\" alt=\"\" class=\"wp-image-336\"\/><figcaption class=\"wp-element-caption\">Karin Gottfredsen, bestyrelsesmedlem<\/figcaption><\/figure>\n\n\n\n<figure class=\"wp-block-image size-full\"><img loading=\"lazy\" decoding=\"async\" width=\"120\" height=\"170\" src=\"https:\/\/historiskforeninghbh.dk\/wp-content\/uploads\/2024\/10\/Flemming-Damgaard-Larsen_120web.jpg\" alt=\"\" class=\"wp-image-488\"\/><figcaption class=\"wp-element-caption\">Flemming Damgaard Larsen, bestyrelsesmedlem<\/figcaption><\/figure>\n\n\n\n<figure class=\"wp-block-image size-full\"><img loading=\"lazy\" decoding=\"async\" width=\"120\" height=\"147\" src=\"https:\/\/historiskforeninghbh.dk\/wp-content\/uploads\/2025\/04\/Ellen_Skjoldager_120.jpg\" alt=\"\" class=\"wp-image-673\"\/><figcaption class=\"wp-element-caption\">Ellen Skjoldager, suppleant<\/figcaption><\/figure>\n\n\n\n<p>HBH er repr\u00e6senteret i f\u00f8lgende udvalg:<br>DSI-TM (Den Selvejende Institution Tadre M\u00f8lle): Ole Knudsen<br>Museumsr\u00e5det: Bjarne Holm, Ole Knudsen<br>Bygningspr\u00e6mieringsudvalget: Ole Knudsen, Lars Ki\u00f8rboe<br>Redaktionsudvalget til Lethrica: Bjarne Holm, Ole Malling, S\u00f8ren Bo Bojesen<br>F\u00e6llesm\u00f8der med Arkivet: Bjarne Holm, Thyra Johannesen<\/p>\n\n\n\n<p>Her er et link til vilk\u00e5r for bygningspr\u00e6miering, skrevet af Bent Gottfredsen i 2017:<br><a href=\"https:\/\/historiskforeninghbh.dk\/wp-content\/uploads\/2024\/09\/Bygningspraemiering_vilkaar_for.pdf\" target=\"_blank\" rel=\"noreferrer noopener\">2017\/Bygningspraemiering_vilkaar_for.pdf<\/a><\/p>\n\n\n\n<p>Her er en n\u00e6rmere beskrivelse af udvalgene:<br> <a href=\"https:\/\/historiskforeninghbh.dk\/wp-content\/uploads\/2025\/05\/HBH_repraesentation_2025.pdf\" target=\"_blank\" rel=\"noreferrer noopener\">HBH_repraesentation_2025.pdf<\/a><\/p>\n\n\n\n<p><\/p>\n","protected":false},"excerpt":{"rendered":"<p>Bestyrelsen best\u00e5r af syv medlemmer, der v\u00e6lges for to \u00e5r ad gangen p\u00e5 den ordin\u00e6re generalforsamling. Desuden v\u00e6lges en suppleant for \u00e9t \u00e5r.Bestyrelsen konstituerer sig&hellip;<\/p>\n","protected":false},"author":1,"featured_media":0,"parent":0,"menu_order":0,"comment_status":"closed","ping_status":"closed","template":"","meta":{"footnotes":""},"class_list":["post-124","page","type-page","status-publish","hentry"],"_links":{"self":[{"href":"https:\/\/historiskforeninghbh.dk\/index.php\/wp-json\/wp\/v2\/pages\/124","targetHints":{"allow":["GET"]}}],"collection":[{"href":"https:\/\/historiskforeninghbh.dk\/index.php\/wp-json\/wp\/v2\/pages"}],"about":[{"href":"https:\/\/historiskforeninghbh.dk\/index.php\/wp-json\/wp\/v2\/types\/page"}],"author":[{"embeddable":true,"href":"https:\/\/historiskforeninghbh.dk\/index.php\/wp-json\/wp\/v2\/users\/1"}],"replies":[{"embeddable":true,"href":"https:\/\/historiskforeninghbh.dk\/index.php\/wp-json\/wp\/v2\/comments?post=124"}],"version-history":[{"count":32,"href":"https:\/\/historiskforeninghbh.dk\/index.php\/wp-json\/wp\/v2\/pages\/124\/revisions"}],"predecessor-version":[{"id":971,"href":"https:\/\/historiskforeninghbh.dk\/index.php\/wp-json\/wp\/v2\/pages\/124\/revisions\/971"}],"wp:attachment":[{"href":"https:\/\/historiskforeninghbh.dk\/index.php\/wp-json\/wp\/v2\/media?parent=124"}],"curies":[{"name":"wp","href":"https:\/\/api.w.org\/{rel}","templated":true}]}}