{"id":107,"date":"2024-09-26T17:33:12","date_gmt":"2024-09-26T17:33:12","guid":{"rendered":"https:\/\/historiskforeninghbh.dk\/?page_id=107"},"modified":"2026-01-05T14:40:35","modified_gmt":"2026-01-05T14:40:35","slug":"folder-og-boeger","status":"publish","type":"page","link":"https:\/\/historiskforeninghbh.dk\/index.php\/folder-og-boeger\/","title":{"rendered":"B\u00f8ger"},"content":{"rendered":"\n<p>En vigtig del af foreningens aktivitet er at oplyse om lokalhistoriske emner, herunder salg af b\u00f8ger og h\u00e6fter.<br>Det er muligt at bestille foreningens publikationer p\u00e5 <strong><a href=\"mailto:lokalhistoriehbh@outlook.dk\"><\/a><a href=\"mailto:hilcot@mail.dk\">hilcot@mail.dk<\/a><\/strong><br>Opgiv navn, adresse og telefonnummer<br>Salget af foreningens b\u00f8ger og h\u00e6fter foreg\u00e5r gennem foreningen, men enkelte s\u00e6lges ogs\u00e5 andre steder.<br><br><strong>H\u00e6fter:<br><\/strong>3. SONNERUP Bys og Sogns Skolev\u00e6sen kr. 10<br>4. S\u00c6BY KIRKE gennem tiderne &nbsp;Gratis<br>5. LYNDBY SKOLE 1742-1972 kr. 40<br>8. KIRKE HYLLINGE KIRKE og dens historie kr. 20<br>9. ARKIVAREN fort\u00e6ller historie 1 kr. 40<br>10. KIRKE HYLLINGE SKOLE 1600-1940 kr. 20<br>11. ARKIVAREN fort\u00e6ller historie 2 kr. 40<br>12. RYE KIRKE og dens historie kr. 20<br>13. JENSLEV VALSENS TONER kr. 40<br>15. SONNERUP KIRKE og dens historie kr. 20<br>18. LYNDBY KIRKE&nbsp;kr. 2<br>LYNDBY BY OG DENS BEBOERE i starten af 1900-tallet kr. 30<br>GERSH\u00d8J KRO&nbsp;kr. 30<br>GERSH\u00d8J KRO \u2013 i vores tid&nbsp;kr. 40<br>SCT. LAURENTIUS\u00b4 KILDE GERSH\u00d8J&nbsp;kr. 25<br>HVAD VEJ BL\u00c6SER VINDEN &#8211; vejrhaner og vindfl\u00f8je&nbsp;kr. 25<br>K\u00d8BMANDEN I GERSH\u00d8J kr. 30<br>GERSH\u00d8J HAVN&nbsp; kr. 30<br>GERSH\u00d8J SOGN \u2013 HUSM\u00c6ND, B\u00d8NDER, GODSEJER kr. 30<br>(Tr\u00e6k af sognets landbrugshistorie 1660 \u2013 1960)&nbsp;&nbsp;&nbsp;&nbsp;&nbsp;&nbsp;&nbsp;&nbsp;&nbsp;&nbsp;&nbsp;&nbsp;&nbsp;&nbsp;&nbsp;&nbsp;&nbsp;&nbsp;&nbsp;&nbsp;&nbsp;&nbsp;&nbsp;&nbsp;&nbsp;&nbsp;&nbsp;&nbsp;&nbsp;&nbsp;&nbsp;&nbsp;&nbsp;&nbsp;&nbsp;&nbsp;<br>STATSHUSM\u00c6NDENE p\u00e5 EGHOLMMARKEN&nbsp;kr. 30<br>GERSH\u00d8J GRUNDEJERFORENING&nbsp; kr. 25<br>RYE &#8211; SONNERUP CENTRALSKOLE&nbsp; kr. 40<br>SKOLE I HVALS\u00d8 KOMMUNE \u2013 GENNEM 250 \u00c5R&nbsp; kr. 50<br>LIDT MOLINOLOGI &#8211; om m\u00f8ller&nbsp; kr. 30&nbsp;<br>L\u00c6GE BANGS LIV OG LEVNED&nbsp; Kr. 30<br>PETER MATROS (MobilePay 51254497) kr. 75<\/p>\n\n\n\n<p><\/p>\n\n\n\n<p><strong><u>B\u00f8ger:<br><\/u><\/strong>MAN REJSTE EN SKOLE P\u00c5 BONDEJORD kr. 50<br>14. FRA OLE BOLE TIL EDB\u2013skolegang i Ejby gennem 100 \u00e5r&nbsp; kr. 40<br>16. EJBY FISKERE (2. udgave) kr. 150<br>17. VANDRING I LYNDBY SOGNS FORTID OG NUTID&nbsp; kr. 75<br>BRAMSN\u00c6S KOMMUNE&nbsp; kr. 100<br>LANDKOMMUNEN FOR ENDEN AF BYEN&nbsp;&nbsp; kr. 100<br>(Lejre Kommunes historie 1966-2007)<br>Trap Danmark: LEJRE KOMMUNE&nbsp;&nbsp; kr. 50<br>SAGN OG MYTER fra Lejreegnen&nbsp;&nbsp; kr. 100<br>FR\u00c5DSTEN \u2013 DANMARKS \u00c6LDSTE BYGNINGSSTEN kr. 100<br>STYRTET NED (Frihedsmuseets forlag) &nbsp; kr. 130<br>\u00c8N SL\u00c6GT \u2013 TRE SL\u00c6GTSG\u00c5RDE&nbsp;&nbsp;kr. 100<br>G\u00c5RDENE I S\u00c6BY&nbsp;&nbsp; kr. 200<br>HUSENE I HOLTENSMINDE (2. oplag)&nbsp;&nbsp; kr. 200<br>S\u00c6BY-GERSH\u00d8J HUSM\u00c6ND P\u00c5 S\u00c6BY MARK&nbsp;&nbsp; kr.110<br>S\u00c6BY \u2013&nbsp; EN BESKRIVELSE AF LANDSBYENS HISTORIE mm&nbsp; kr. 300<br>GERSH\u00d8J &#8211; EN BESKRIVELSE AF SOGNETS HISTORIE mm  kr. 300<\/p>\n\n\n\n<p><strong><u>S\u00e6rtryk fra ROMU<\/u>:<\/strong><br>EN SP\u00c6NDENDE HELLERISTNING FRA LANGTVED&nbsp; kr. 25<br>VIKINGETIDIGE KORSEMALJEFIBLER &nbsp; kr. 20<br><br><strong>Vedr\u00f8rende k\u00f8b af b\u00f8ger: Henvendelse til L. Ki\u00f8rboe p\u00e5 mail <a href=\"mailto:hilcot@mail.dk\">hilcot@mail.dk<\/a> eller telefon 40757783<\/strong>.<br><strong>MobilePay 313997<\/strong><\/p>\n\n\n\n<p class=\"has-medium-font-size\"><strong>Et par nyere udgivelser skal s\u00e6rligt fremh\u00e6ves:<\/strong><\/p>\n\n\n\n<p><strong>Gersh\u00f8j &#8211; en beskrivelse af sognets historie, ejendomme og beboere<\/strong><br>P\u00e5 360 sider fort\u00e6lles om sognets udvikling fra Vikingetiden til vore dage.<br>Forfattere: Lars Ki\u00f8rboe og Karl-Johan Rub\u00e6k. Pris kr. 300<\/p>\n\n\n\n<figure class=\"wp-block-image size-full is-resized\"><img loading=\"lazy\" decoding=\"async\" width=\"236\" height=\"337\" src=\"https:\/\/historiskforeninghbh.dk\/wp-content\/uploads\/2026\/01\/Flyer_Gershoej_236.jpg\" alt=\"\" class=\"wp-image-911\" style=\"width:228px;height:auto\" srcset=\"https:\/\/historiskforeninghbh.dk\/wp-content\/uploads\/2026\/01\/Flyer_Gershoej_236.jpg 236w, https:\/\/historiskforeninghbh.dk\/wp-content\/uploads\/2026\/01\/Flyer_Gershoej_236-210x300.jpg 210w\" sizes=\"auto, (max-width: 236px) 100vw, 236px\" \/><\/figure>\n\n\n\n<p><strong>S\u00e6by \u2013 en beskrivelse af landsbyens historie, ejendomme og beboere<br><\/strong>Bogen fort\u00e6ller p\u00e5 340 sider om S\u00e6by, som byen var og er, og gennemg\u00e5r ejendomme og deres beboere fra de sidste 200 \u00e5r.<br>Forfatter Lars Ki\u00f8rboe. Pris &#8211; kr. 300<\/p>\n\n\n\n<figure class=\"wp-block-image size-full\"><img loading=\"lazy\" decoding=\"async\" width=\"236\" height=\"335\" src=\"https:\/\/historiskforeninghbh.dk\/wp-content\/uploads\/2024\/09\/Flyer-Saeby-landsby_236.jpg\" alt=\"\" class=\"wp-image-479\" srcset=\"https:\/\/historiskforeninghbh.dk\/wp-content\/uploads\/2024\/09\/Flyer-Saeby-landsby_236.jpg 236w, https:\/\/historiskforeninghbh.dk\/wp-content\/uploads\/2024\/09\/Flyer-Saeby-landsby_236-211x300.jpg 211w\" sizes=\"auto, (max-width: 236px) 100vw, 236px\" \/><\/figure>\n\n\n\n<p><strong>Husene i Holtensminde<br><\/strong>Forfatter Lars Ki\u00f8rboe. Pris kr. 200<\/p>\n\n\n\n<figure class=\"wp-block-image size-full\"><img loading=\"lazy\" decoding=\"async\" width=\"236\" height=\"312\" src=\"https:\/\/historiskforeninghbh.dk\/wp-content\/uploads\/2024\/09\/Husene_i_Holtensminde_236.jpg\" alt=\"\" class=\"wp-image-480\" srcset=\"https:\/\/historiskforeninghbh.dk\/wp-content\/uploads\/2024\/09\/Husene_i_Holtensminde_236.jpg 236w, https:\/\/historiskforeninghbh.dk\/wp-content\/uploads\/2024\/09\/Husene_i_Holtensminde_236-227x300.jpg 227w\" sizes=\"auto, (max-width: 236px) 100vw, 236px\" \/><\/figure>\n\n\n\n<p><strong>Fr\u00e5dsten Danmarks \u00e6ldste bygningssten<br><\/strong>udgivet i februar 2021 af Egnshistorisk Forening for Hvals\u00f8. Pris 100 kr.<br>Bogen er p\u00e5 76 sider. Den er trykt p\u00e5 glittet papir og indbundet i stift bind.<br>Landets st\u00f8rste forekomster af fr\u00e5dsten eller kildekalk findes i Elverdamsdalen, og Roskilde er kendt for sine forekomster af fr\u00e5dsten. Adskillige \u00e6ldre bygninger i Roskilde er opf\u00f8rt helt eller delvist af fr\u00e5dsten.<br>Nationalpark Skjoldungernes Land har st\u00f8ttet projektet \u00f8konomisk.<br>Salgssteder:<br><em>Bog &amp; Id\u00e9, Roskilde<br>Sagnlandet Lejre<br>Lejre Museum<br>Tadre M\u00f8lle, Tadre M\u00f8llevej 23, 4330 Hvals\u00f8<\/em><\/p>\n\n\n\n<figure class=\"wp-block-image size-full\"><img loading=\"lazy\" decoding=\"async\" width=\"236\" height=\"258\" src=\"https:\/\/historiskforeninghbh.dk\/wp-content\/uploads\/2024\/09\/fraadsten.jpg\" alt=\"\" class=\"wp-image-325\"\/><\/figure>\n\n\n\n<p><em><br><\/em><strong>Sagn og Myter fra Lejreegnen<\/strong><br>I Lethrica har der i en \u00e5rr\u00e6kke v\u00e6ret bragt en serie Sagn og Myter fra Lejreegnen.<br>Seriens artikler er i 2017 blevet samlet i en bog, suppleret med en del andet stof.<br>Udgiveren er Egnshistorisk Forening for Hvals\u00f8. 108 sider, stift bind. Pris 100 kr.<br>Tekst Karin Gottfredsen og Bent Gottfredsen, Fotos: Ole Malling og Bent Gottfredsen, Tegninger Poul Holst, Layout Thyra Johannesen<br>Lejre Kommune har st\u00f8ttet projektet \u00f8konomisk.<br>Salgssteder:<br><em>Roskilde Museum, Sankt Ols Str\u00e6de 3, 4000 Roskilde<br><a>Tadre M\u00f8lle, Tadre M\u00f8llevej 23, 4330 Hvals\u00f8<\/a><\/em><br><em>Lejre Museum<\/em><\/p>\n\n\n\n<figure class=\"wp-block-image size-full\"><img loading=\"lazy\" decoding=\"async\" width=\"236\" height=\"236\" src=\"https:\/\/historiskforeninghbh.dk\/wp-content\/uploads\/2024\/09\/sagn_og_myter.jpg\" alt=\"\" class=\"wp-image-326\" srcset=\"https:\/\/historiskforeninghbh.dk\/wp-content\/uploads\/2024\/09\/sagn_og_myter.jpg 236w, https:\/\/historiskforeninghbh.dk\/wp-content\/uploads\/2024\/09\/sagn_og_myter-150x150.jpg 150w\" sizes=\"auto, (max-width: 236px) 100vw, 236px\" \/><\/figure>\n\n\n\n<p><em><br><br><\/em><\/p>\n","protected":false},"excerpt":{"rendered":"<p>En vigtig del af foreningens aktivitet er at oplyse om lokalhistoriske emner, herunder salg af b\u00f8ger og h\u00e6fter.Det er muligt at bestille foreningens publikationer p\u00e5&hellip;<\/p>\n","protected":false},"author":1,"featured_media":0,"parent":0,"menu_order":0,"comment_status":"closed","ping_status":"closed","template":"","meta":{"footnotes":""},"class_list":["post-107","page","type-page","status-publish","hentry"],"_links":{"self":[{"href":"https:\/\/historiskforeninghbh.dk\/index.php\/wp-json\/wp\/v2\/pages\/107","targetHints":{"allow":["GET"]}}],"collection":[{"href":"https:\/\/historiskforeninghbh.dk\/index.php\/wp-json\/wp\/v2\/pages"}],"about":[{"href":"https:\/\/historiskforeninghbh.dk\/index.php\/wp-json\/wp\/v2\/types\/page"}],"author":[{"embeddable":true,"href":"https:\/\/historiskforeninghbh.dk\/index.php\/wp-json\/wp\/v2\/users\/1"}],"replies":[{"embeddable":true,"href":"https:\/\/historiskforeninghbh.dk\/index.php\/wp-json\/wp\/v2\/comments?post=107"}],"version-history":[{"count":18,"href":"https:\/\/historiskforeninghbh.dk\/index.php\/wp-json\/wp\/v2\/pages\/107\/revisions"}],"predecessor-version":[{"id":913,"href":"https:\/\/historiskforeninghbh.dk\/index.php\/wp-json\/wp\/v2\/pages\/107\/revisions\/913"}],"wp:attachment":[{"href":"https:\/\/historiskforeninghbh.dk\/index.php\/wp-json\/wp\/v2\/media?parent=107"}],"curies":[{"name":"wp","href":"https:\/\/api.w.org\/{rel}","templated":true}]}}